{"id":1301,"date":"2024-02-27T21:58:49","date_gmt":"2024-02-27T20:58:49","guid":{"rendered":"https:\/\/primanota-demo.it\/geschichte\/"},"modified":"2024-07-26T10:43:11","modified_gmt":"2024-07-26T08:43:11","slug":"geschichte","status":"publish","type":"page","link":"https:\/\/marespa.it\/de\/geschichte\/","title":{"rendered":"Geschichte"},"content":{"rendered":"<p>[et_pb_section fb_built=&#8220;1&#8243; disabled_on=&#8220;on|off|off&#8220; _builder_version=&#8220;4.24.1&#8243; _module_preset=&#8220;default&#8220; background_enable_image=&#8220;off&#8220; background_video_mp4=&#8220;https:\/\/marespa.it\/wp-content\/uploads\/2024\/04\/banne-hystory-mare.mp4&#8243; max_width_tablet=&#8220;&#8220; max_width_phone=&#8220;&#8220; max_width_last_edited=&#8220;on|tablet&#8220; module_alignment=&#8220;center&#8220; height=&#8220;65vh&#8220; custom_padding=&#8220;||196px|||&#8220; hover_enabled=&#8220;0&#8243; background_last_edited=&#8220;on|desktop&#8220; background_video_width_phone=&#8220;500&#8243; global_colors_info=&#8220;{}&#8220; title_text=&#8220;banne hystory mare&#8220; sticky_enabled=&#8220;0&#8243;][\/et_pb_section][et_pb_section fb_built=&#8220;1&#8243; disabled_on=&#8220;off|on|on&#8220; _builder_version=&#8220;4.24.1&#8243; _module_preset=&#8220;default&#8220; background_color=&#8220;#005AAB&#8220; global_colors_info=&#8220;{}&#8220;][et_pb_row _builder_version=&#8220;4.24.1&#8243; _module_preset=&#8220;default&#8220; global_colors_info=&#8220;{}&#8220;][et_pb_column type=&#8220;4_4&#8243; _builder_version=&#8220;4.24.1&#8243; _module_preset=&#8220;default&#8220; global_colors_info=&#8220;{}&#8220;][et_pb_code disabled_on=&#8220;off|on|on&#8220; _builder_version=&#8220;4.24.1&#8243; _module_preset=&#8220;default&#8220; text_orientation=&#8220;center&#8220; global_colors_info=&#8220;{}&#8220;]<video autoplay=\"autoplay\" loop=\"loop\" muted=\"\" defaultmuted=\"\" playsinline=\"\" oncontextmenu=\"return false;\" preload=\"auto\" id=\"myVideo\"><!-- [et_pb_line_break_holder] --><source src=\"http:\/\/primanota-demo.it\/wp-content\/uploads\/2024\/04\/mare-hystory-mobile1.mp4\" type=\"video\/mp4\"><!-- [et_pb_line_break_holder] -->        <\/source><\/video>[\/et_pb_code][\/et_pb_column][\/et_pb_row][\/et_pb_section][et_pb_section fb_built=&#8220;1&#8243; _builder_version=&#8220;4.24.1&#8243; _module_preset=&#8220;default&#8220; background_image=&#8220;http:\/\/primanota-demo.it\/wp-content\/uploads\/2024\/04\/8.png&#8220; parallax=&#8220;on&#8220; parallax_method=&#8220;off&#8220; filter_opacity=&#8220;90%&#8220; global_colors_info=&#8220;{}&#8220;][et_pb_row _builder_version=&#8220;4.24.1&#8243; _module_preset=&#8220;default&#8220; global_colors_info=&#8220;{}&#8220;][et_pb_column type=&#8220;4_4&#8243; _builder_version=&#8220;4.24.1&#8243; _module_preset=&#8220;default&#8220; global_colors_info=&#8220;{}&#8220;][et_pb_text _builder_version=&#8220;4.24.1&#8243; _module_preset=&#8220;default&#8220; text_font=&#8220;Montserrat|700|||||||&#8220; background_color=&#8220;#f8f7f4&#8243; text_orientation=&#8220;center&#8220; custom_padding=&#8220;20px|20px|20px|20px|true|true&#8220; border_radii=&#8220;on|44px|44px|44px|44px&#8220; global_colors_info=&#8220;{}&#8220;]<\/p>\n<p>Seit mehr als 187 Jahren arbeitet MA.RE. spa im Namen von Exzellenz und Innovation, um seinen Kunden ein leistungsstarkes und innovatives Produkt anzubieten<\/p>\n<p>[\/et_pb_text][\/et_pb_column][\/et_pb_row][et_pb_row _builder_version=&#8220;4.24.1&#8243; _module_preset=&#8220;default&#8220; global_colors_info=&#8220;{}&#8220;][et_pb_column type=&#8220;4_4&#8243; _builder_version=&#8220;4.24.1&#8243; _module_preset=&#8220;default&#8220; global_colors_info=&#8220;{}&#8220;][dipl_timeline select_timeline_layout=&#8220;dipl_date_tree&#8220; global_timeline_icon_color=&#8220;#005AAB&#8220; timeline_bar_size=&#8220;3px&#8220; timeline_bar_color=&#8220;#D8EBFF&#8220; timeline_bar_fill_color=&#8220;#005AAB&#8220; timeline_bar_shape_color=&#8220;#D8EBFF&#8220; timeline_bar_shape_fill_color=&#8220;#005AAB&#8220; timeline_bar_shape_border_color=&#8220;#D8EBFF&#8220; timeline_bar_shape_border_fill_color=&#8220;#005AAB&#8220; global_timeline_background_enable_image=&#8220;off&#8220; _builder_version=&#8220;4.24.1&#8243; _module_preset=&#8220;default&#8220; global_timeline_header_text_color=&#8220;#005AAB&#8220; global_timeline_text_font=&#8220;Montserrat||||||||&#8220; global_timeline_text_text_color=&#8220;#005AAB&#8220; global_timeline_date_text_color=&#8220;#FFFFFF&#8220; animation_style=&#8220;fade&#8220; border_radii=&#8220;on|26px|26px|26px|26px&#8220; global_colors_info=&#8220;{}&#8220;][dipl_timeline_item display_time=&#8220;on&#8220; timeline_custom_time=&#8220;1837&#8243; use_timeline_icon=&#8220;on&#8220; select_timeline_icon=&#8220;\uf275||fa||900&#8243; _builder_version=&#8220;4.24.1&#8243; _module_preset=&#8220;default&#8220; global_timeline_header_font=&#8220;Montserrat|700||on|||||&#8220; global_timeline_header_text_color=&#8220;#005AAB&#8220; global_colors_info=&#8220;{}&#8220;]<\/p>\n<h2>DIE GR\u00dcNDUNG<\/h2>\n<p>Es ist unser historisches Jahr, in dem alles begann.<br \/>Die beiden Br\u00fcder Virgilio, Evangelista und ihre Schwester Chiara gr\u00fcndeten die Firma &#8222;Ziliani Virgilio and Brothers&#8220; als Fischernetzfabrik.<\/p>\n<p>[\/dipl_timeline_item][dipl_timeline_item display_time=&#8220;on&#8220; timeline_custom_time=&#8220;1892&#8243; use_timeline_icon=&#8220;on&#8220; select_timeline_icon=&#8220;\ue08a||divi||400&#8243; _builder_version=&#8220;4.24.1&#8243; _module_preset=&#8220;default&#8220; global_timeline_header_font=&#8220;Montserrat|700||on|||||&#8220; global_timeline_header_text_color=&#8220;#005AAB&#8220; global_colors_info=&#8220;{}&#8220;]<\/p>\n<p><span>  Nach dem Tod von Evangelista Ziliani wurde das Unternehmen von seinem Sohn Gian Battista \u00fcbernommen.<\/span><\/p>\n<p>[\/dipl_timeline_item][dipl_timeline_item display_time=&#8220;on&#8220; timeline_custom_time=&#8220;1927&#8243; use_timeline_icon=&#8220;on&#8220; select_timeline_icon=&#8220;\uf0c0||fa||900&#8243; _builder_version=&#8220;4.24.1&#8243; _module_preset=&#8220;default&#8220; global_timeline_header_font=&#8220;Montserrat|700||on|||||&#8220; global_timeline_header_text_color=&#8220;#005AAB&#8220; global_colors_info=&#8220;{}&#8220;]<\/p>\n<h2>VOM HANDWERK ZUR INDUSTRIELLEN T\u00c4TIGKEIT<\/h2>\n<p>Es ist ein wichtiges Jahr f\u00fcr unser Unternehmen. Die S\u00f6hne von Gian Battista, Italo und Mario, beginnen mit dem Bau einer neuen Fabrik in Sulzano (Brescia) unter dem Namen: &#8222;Retificio Evangelista Ziliani&#8220;.<\/p>\n<p>[\/dipl_timeline_item][dipl_timeline_item display_time=&#8220;on&#8220; timeline_custom_time=&#8220;1948&#8243; use_timeline_icon=&#8220;on&#8220; select_timeline_icon=&#8220;\ue068||fa||900&#8243; _builder_version=&#8220;4.24.1&#8243; _module_preset=&#8220;default&#8220; global_timeline_header_font=&#8220;Montserrat|700||on|||||&#8220; global_timeline_header_text_color=&#8220;#005AAB&#8220; global_colors_info=&#8220;{}&#8220;]<\/p>\n<p>Ziliani Mario zieht sich aus dem Unternehmen zur\u00fcck und wird durch Italo Ziliani und seine Frau Maria Maddalena Cavalieri ersetzt.<\/p>\n<p>[\/dipl_timeline_item][dipl_timeline_item display_time=&#8220;on&#8220; timeline_custom_time=&#8220;1960&#8243; _builder_version=&#8220;4.24.1&#8243; _module_preset=&#8220;default&#8220; global_timeline_header_font=&#8220;Montserrat|700||on|||||&#8220; global_timeline_header_text_color=&#8220;#005AAB&#8220; global_colors_info=&#8220;{}&#8220;]<\/p>\n<h2>WURDEN DIE ERSTEN ZWIRNMASCHINEN EINGEF\u00dcHRT<\/h2>\n<p>Die Verarbeitung von Fischernetzen, die bisher aus Baumwollgarn hergestellt wurden, musste von nun an mit Polyamid-Multifilament erfolgen.<\/p>\n<p>[\/dipl_timeline_item][dipl_timeline_item display_time=&#8220;on&#8220; timeline_custom_time=&#8220;1961&#8243; use_timeline_icon=&#8220;on&#8220; select_timeline_icon=&#8220;\uf4fc||fa||900&#8243; _builder_version=&#8220;4.24.1&#8243; _module_preset=&#8220;default&#8220; global_timeline_header_font=&#8220;Montserrat|700||on|||||&#8220; global_timeline_header_text_color=&#8220;#005AAB&#8220; global_colors_info=&#8220;{}&#8220;]<\/p>\n<p>Evangelista Ziliani trat zusammen mit seinem Vater Italo und seiner Mutter Maria Maddalena Cavalieri in das Unternehmen ein.<\/p>\n<p>[\/dipl_timeline_item][dipl_timeline_item display_time=&#8220;on&#8220; timeline_custom_time=&#8220;1966&#8243; use_timeline_icon=&#8220;on&#8220; select_timeline_icon=&#8220;\uf275||fa||900&#8243; _builder_version=&#8220;4.24.1&#8243; _module_preset=&#8220;default&#8220; global_timeline_header_font=&#8220;Montserrat|700||on|||||&#8220; global_timeline_header_text_color=&#8220;#005AAB&#8220; global_colors_info=&#8220;{}&#8220;]<\/p>\n<p>Ein neues Geb\u00e4ude wurde in der N\u00e4he des alten &#8222;Retificio Ziliani&#8220; gebaut und der Firmenname wurde<br \/>MA.RE.CO (MA=Manifattura als Herstellung; RE=Reti als Netze; CO=Corde als Seile)<\/p>\n<p>[\/dipl_timeline_item][dipl_timeline_item display_time=&#8220;on&#8220; timeline_custom_time=&#8220;1971&#8243; use_timeline_icon=&#8220;on&#8220; select_timeline_icon=&#8220;\uf4fc||fa||900&#8243; _builder_version=&#8220;4.24.1&#8243; _module_preset=&#8220;default&#8220; global_timeline_header_font=&#8220;Montserrat|700||on|||||&#8220; global_timeline_header_text_color=&#8220;#005AAB&#8220; global_colors_info=&#8220;{}&#8220;]<\/p>\n<p>Gian Battista Ziliani trat zusammen mit seinem Bruder Evangelista und seiner Mutter Maria Maddalena Cavalieri in das Unternehmen ein.<\/p>\n<p>[\/dipl_timeline_item][dipl_timeline_item display_time=&#8220;on&#8220; timeline_custom_time=&#8220;1975&#8243; use_timeline_icon=&#8220;on&#8220; select_timeline_icon=&#8220;\uf835||fa||400&#8243; _builder_version=&#8220;4.24.1&#8243; _module_preset=&#8220;default&#8220; global_timeline_header_font=&#8220;Montserrat|700||on|||||&#8220; global_timeline_header_text_color=&#8220;#005AAB&#8220; global_colors_info=&#8220;{}&#8220;]<\/p>\n<p>Die Firmen &#8222;Retificio Ziliani&#8220; und MA.RE.CO zogen in ein anderes Dorf, von Sulzano nach Iseo, in eine neue Anlage, auf einer 20-mal gr\u00f6\u00dferen Fl\u00e4che<br \/>Firmenname ge\u00e4ndert in MA.RE. (Manifattura als Fertigung; RE=Reti als Netze)<\/p>\n<p>[\/dipl_timeline_item][dipl_timeline_item display_time=&#8220;on&#8220; timeline_custom_time=&#8220;1977&#8243; _builder_version=&#8220;4.24.1&#8243; _module_preset=&#8220;default&#8220; global_timeline_header_font=&#8220;Montserrat|700||on|||||&#8220; global_timeline_header_text_color=&#8220;#005AAB&#8220; global_colors_info=&#8220;{}&#8220;]<\/p>\n<h2>POLYESTER-MULTIFILAMENT<\/h2>\n<p>Neues Produkt: Polyester-Multifilamente f\u00fcr N\u00e4hgarne<\/p>\n<p>[\/dipl_timeline_item][dipl_timeline_item display_time=&#8220;on&#8220; timeline_custom_time=&#8220;1985&#8243; _builder_version=&#8220;4.24.1&#8243; _module_preset=&#8220;default&#8220; global_timeline_header_font=&#8220;Montserrat|700||on|||||&#8220; global_timeline_header_text_color=&#8220;#005AAB&#8220; global_colors_info=&#8220;{}&#8220;]<\/p>\n<h2>WURDEN KEINE SEILE MEHR HERGESTELLT<\/h2>\n<p>[\/dipl_timeline_item][dipl_timeline_item display_time=&#8220;on&#8220; timeline_custom_time=&#8220;1990&#8243; _builder_version=&#8220;4.24.1&#8243; _module_preset=&#8220;default&#8220; global_timeline_header_font=&#8220;Montserrat|700||on|||||&#8220; global_timeline_header_text_color=&#8220;#005AAB&#8220; global_colors_info=&#8220;{}&#8220;]<\/p>\n<h2>WURDE DIE ERSTE EXTRUSIONSMASCHINE INSTALLIERT<\/h2>\n<p>Wir begannen mit der Produktion von Polyamid- und Polyester-Monofilamenten f\u00fcr verschiedene industrielle Anwendungen.<\/p>\n<p>[\/dipl_timeline_item][dipl_timeline_item display_time=&#8220;on&#8220; timeline_custom_time=&#8220;1992&#8243; _builder_version=&#8220;4.24.1&#8243; _module_preset=&#8220;default&#8220; global_timeline_header_font=&#8220;Montserrat|700||on|||||&#8220; global_timeline_header_text_color=&#8220;#005AAB&#8220; global_colors_info=&#8220;{}&#8220;]<\/p>\n<h3>MA.RE. Eintritt in die Welt der PMC (Paper Machine Clothing)<\/h3>\n<p>Dies ist der dritte wichtige Schritt unserer Ver\u00e4nderungen, mit der Produktion von Monofilamenten f\u00fcr Filze f\u00fcr Papierfabriken.<\/p>\n<p>[\/dipl_timeline_item][dipl_timeline_item display_time=&#8220;on&#8220; timeline_custom_time=&#8220;2001&#8243; _builder_version=&#8220;4.24.1&#8243; _module_preset=&#8220;default&#8220; global_timeline_header_font=&#8220;Montserrat|700||on|||||&#8220; global_timeline_header_text_color=&#8220;#005AAB&#8220; global_colors_info=&#8220;{}&#8220;]<\/p>\n<h2>POLYAMID GEDREHT<\/h2>\n<p>Erweiterung der Produktpalette um ein gezwirntes Monofilament aus Polyamid.<\/p>\n<p>Italo ZILIANI, der Sohn von Evangelista, begann zusammen mit seinem Vater in der Verkaufsabteilung zu arbeiten.<br \/>Wir entwickelten neue Produkte f\u00fcr:<br \/>&#8211; Automotive &#8211; Gerbereifilze &#8211; Faserzement &#8211; Transportgurte.<\/p>\n<p>[\/dipl_timeline_item][dipl_timeline_item display_time=&#8220;on&#8220; timeline_custom_time=&#8220;2005&#8243; use_timeline_icon=&#8220;on&#8220; select_timeline_icon=&#8220;\uf0b0||fa||900&#8243; _builder_version=&#8220;4.24.1&#8243; _module_preset=&#8220;default&#8220; global_timeline_header_font=&#8220;Montserrat|700||on|||||&#8220; global_timeline_header_text_color=&#8220;#005AAB&#8220; global_colors_info=&#8220;{}&#8220;]<\/p>\n<p>Mario ZILIANI, der Sohn von Gian Battista, begann zusammen mit seinem Vater in der technischen Abteilung zu arbeiten.<br \/>Wir entwickelten neue Produkte f\u00fcr: Filtration und andere Spezialanwendungen.<\/p>\n<p>[\/dipl_timeline_item][dipl_timeline_item display_time=&#8220;on&#8220; timeline_custom_time=&#8220;2009&#8243; _builder_version=&#8220;4.24.1&#8243; _module_preset=&#8220;default&#8220; global_timeline_header_font=&#8220;Montserrat|700||on|||||&#8220; global_timeline_header_text_color=&#8220;#005AAB&#8220; global_colors_info=&#8220;{}&#8220;]<\/p>\n<h2>MA.RE. hatte #6 EXTRUSIONSLINIEN<\/h2>\n<p>Wir haben immer wieder in neue Projekte und Laboreinrichtungen investiert. Die Zahl der Mitarbeiter in den Abteilungen Produktion, Technik und F&amp;E wurde erh\u00f6ht.<\/p>\n<p>[\/dipl_timeline_item][dipl_timeline_item display_time=&#8220;on&#8220; timeline_custom_time=&#8220;2010&#8243; _builder_version=&#8220;4.24.1&#8243; _module_preset=&#8220;default&#8220; global_timeline_header_font=&#8220;Montserrat|700||on|||||&#8220; global_timeline_header_text_color=&#8220;#005AAB&#8220; global_colors_info=&#8220;{}&#8220;]<\/p>\n<h3>Unsere MONOFILAMENTEN-ZWISCHENPRODUKTION wurde VERGR\u00d6\u00dfERT<\/h3>\n<p>Eine Modernisierungskampagne f\u00fcr alle Zwirnmaschinen wurde durchgef\u00fchrt, neue Motoren mit Umrichtern mit niedrigem Energieverbrauch wurden eingesetzt, um mit erh\u00f6hter Kapazit\u00e4t zu arbeiten und die wachsende Nachfrage nach PMC-Presszwirn in Kette und Schuss zu befriedigen.<\/p>\n<p>[\/dipl_timeline_item][dipl_timeline_item display_time=&#8220;on&#8220; timeline_custom_time=&#8220;2017&#8243; use_timeline_icon=&#8220;on&#8220; select_timeline_icon=&#8220;\uf494||fa||900&#8243; _builder_version=&#8220;4.24.1&#8243; _module_preset=&#8220;default&#8220; global_timeline_header_font=&#8220;Montserrat|700||on|||||&#8220; global_timeline_header_text_color=&#8220;#005AAB&#8220; global_colors_info=&#8220;{}&#8220;]<\/p>\n<p>Extrusionslinie #10 und Vergr\u00f6\u00dferung des Rohstofflagers<\/p>\n<p>[\/dipl_timeline_item][dipl_timeline_item display_time=&#8220;on&#8220; timeline_custom_time=&#8220;2018&#8243; use_timeline_icon=&#8220;on&#8220; select_timeline_icon=&#8220;\uf0b0||fa||900&#8243; _builder_version=&#8220;4.24.1&#8243; _module_preset=&#8220;default&#8220; global_timeline_header_font=&#8220;Montserrat|700||on|||||&#8220; global_timeline_header_text_color=&#8220;#005AAB&#8220; global_colors_info=&#8220;{}&#8220;]<\/p>\n<p>Extrusionslinie #11 und weiteres Wachstum im Bereich der Filtration<\/p>\n<p>[\/dipl_timeline_item][dipl_timeline_item display_time=&#8220;on&#8220; timeline_custom_time=&#8220;2020&#8243; use_timeline_icon=&#8220;on&#8220; select_timeline_icon=&#8220;\uf275||fa||900&#8243; _builder_version=&#8220;4.24.1&#8243; _module_preset=&#8220;default&#8220; global_timeline_header_font=&#8220;Montserrat|700||on|||||&#8220; global_timeline_header_text_color=&#8220;#005AAB&#8220; global_colors_info=&#8220;{}&#8220;]<\/p>\n<p>Extrusionslinie #12 und Vergr\u00f6\u00dferung des Verpackungsdepots<\/p>\n<p>[\/dipl_timeline_item][dipl_timeline_item display_time=&#8220;on&#8220; timeline_custom_time=&#8220;2021-2022&#8243; _builder_version=&#8220;4.24.1&#8243; _module_preset=&#8220;default&#8220; global_timeline_header_font=&#8220;Montserrat|700||on|||||&#8220; global_timeline_header_text_color=&#8220;#005AAB&#8220; global_colors_info=&#8220;{}&#8220;]<\/p>\n<h2>DATENS\u00c4TZE IN PRODUKTIONSMENGEN<\/h2>\n<p>Diese Jahre werden wegen der weltweiten Pandemie von COVID-19 in Erinnerung bleiben, und dennoch wird MA.RE. Bei voller Auslastung und im Gegensatz zu unseren Mitbewerbern waren wir in der Lage, alle Kundenauftr\u00e4ge p\u00fcnktlich auszuliefern.<br \/>Das war der Schl\u00fcssel zum Wachstum im Bereich der PMC-PRESSEN und zum \u00dcbergang zu den TROCKNERFILZEN.<br \/>Eine neue Zusammenarbeit im Bereich der PMC-FORMGEWEBE begann mit einigen wichtigen Akteuren in diesem Markt.<\/p>\n<p>[\/dipl_timeline_item][dipl_timeline_item display_time=&#8220;on&#8220; timeline_custom_time=&#8220;2024&#8243; use_timeline_icon=&#8220;on&#8220; select_timeline_icon=&#8220;\uf64f||fa||900&#8243; _builder_version=&#8220;4.24.1&#8243; _module_preset=&#8220;default&#8220; global_timeline_header_font=&#8220;Montserrat|700||on|||||&#8220; global_timeline_header_text_color=&#8220;#005AAB&#8220; global_colors_info=&#8220;{}&#8220;]<\/p>\n<p>&#8211; Neues Geb\u00e4ude f\u00fcr die Lagerung von Polymeren<br \/>&#8211; Neues Logistikzentrum f\u00fcr eingehende Materialien<br \/>&#8211; Anstieg bei Pmc-Pressen und -Trocknern und Forming-Monofilamenten, die an alle wichtigen <br \/>Akteure auf dem Markt verkauft werden<br \/>&#8211; Filtrations-Monofilamente: Ein schwieriger Markt, aber unsere F&amp;E hat es geschafft, super<br \/>feine Garne zu entwickeln<br \/>&#8211; Automobil-Monofilamente: Haupts\u00e4chlich f\u00fcr Elektroautos und elektrisch betriebene Z\u00fcge<br \/>&#8211; \u00aeStandard Pa 6 &#8211; Pa 6.6 und Pet Mono, hergestellt aus bis zu 100% recyceltem Polymer<\/p>\n<p>[\/dipl_timeline_item][dipl_timeline_item display_time=&#8220;on&#8220; timeline_custom_time=&#8220;2025-2028&#8243; use_timeline_icon=&#8220;on&#8220; select_timeline_icon=&#8220;\uf1b8||fa||900&#8243; _builder_version=&#8220;4.24.1&#8243; _module_preset=&#8220;default&#8220; global_timeline_header_font=&#8220;Montserrat|700||on|||||&#8220; global_timeline_header_text_color=&#8220;#005AAB&#8220; global_colors_info=&#8220;{}&#8220;]<\/p>\n<h2>BLICK IN DIE ZUKUNFT<\/h2>\n<p>&#8211; CO2-Emissionsreduzierung und CARBON FOOT PRINT-Analyse<br \/>&#8211; \u00aeRecycling unserer Produkte: Recycling unserer Monofilamente zur Herstellung neuer Produkte.<br \/>&#8211; \u00aeRecyclinG Produkte unsere Kunden: Recycling von Filzen und Geweben zu neuen Mono<br \/>&#8211; \u00aeRecyclinG MONOFILAMENTE: Unser Hauptziel ist das Wachstum von PA 6 &#8211; PA 6.6 und PET<br \/>Recycling Mono zu PA 6.10 &#8211; PA 12 und PET hydrolysebest\u00e4ndig recycelt Mono<br \/>&#8211; Installation von Sonnenkollektoren<br \/>&#8211; Verringerung des Wasserverbrauchs im Prozess<br \/>&#8211; Dekarbonisierung unserer Transportmittel (Gabelstapler, Nutzfahrzeuge, Lieferwagen&#8230;)<br \/>&#8211; ENTWICKLUNG von MONO in Verbindung mit 100% VOLL-ELEKTRISCHEM AUTOMOTIVE<br \/>&#8211; Wir werden unsere Produktionslinien weiter ausbauen und dabei den Schwerpunkt auf FLEXIBILIT\u00c4T, P\u00dcNKTLICHE LIEFERUNGEN und NACHVERKAUFSDIENSTE legen.<\/p>\n<p>[\/dipl_timeline_item][\/dipl_timeline][\/et_pb_column][\/et_pb_row][\/et_pb_section]<\/p>\n","protected":false},"excerpt":{"rendered":"<p>Seit mehr als 187 Jahren arbeitet MA.RE. spa im Namen von Exzellenz und Innovation, um seinen Kunden ein leistungsstarkes und innovatives Produkt anzubieten<div class=\"et_pb_module dipl_timeline dipl_timeline_0 et_animated\">\n\t\t\t\t\n\t\t\t\t\n\t\t\t\t\n\t\t\t\t\n\t\t\t\t\n\t\t\t\t\n\t\t\t\t<div class=\"et_pb_module_inner\">\n\t\t\t\t\t<div class=\"dipl_timeline_alternate\"><div class=\"dipl_timeline_wrapper\">\n                            \n                        <\/div><div class=\"dipl_timeline_alternate_stem dipl_date_tree_stem\"><div class=\"dipl_stem_wrapper\"><div class=\"dipl_stem\"><\/div><\/div><\/div><\/div>\n\t\t\t\t<\/div>\n\t\t\t<\/div><div class=\"et_pb_module dipl_timeline_item dipl_timeline_item_0\">\n\t\t\t\t<div class=\"dipl_date_tree dipl_timeline_item_wrapper\">       \n                                <div class=\"dipl_stem_center\"><div class=\"dipl_time_wrapper\"><div class=\"dipl_item_time\">1837<\/div><\/div><\/div>\n                                <div class=\"dipl_item_content\">\n                                \t<div class=\"dipl_item_content_inner\">\n\t                                    <div class=\"dipl_icon_wrapper\"><span class=\"dipl_item_icon et-pb-icon\">\uf275<\/span><\/div>\n\t                                    <h3 class=\"dipl_item_title\"><\/h3>\n\t                                    \n\t                                    <span class=\"dipl_triangle\"><\/span>\n\t                                <\/div>\n                                <\/div>\n                                <div class=\"dipl_date_container\"><\/div>\n                            <\/div>\n\t\t\t<\/div>DIE GR\u00dcNDUNG Es ist unser [&hellip;]<\/p>\n","protected":false},"author":1,"featured_media":0,"parent":0,"menu_order":0,"comment_status":"closed","ping_status":"closed","template":"","meta":{"_et_pb_use_builder":"on","_et_pb_old_content":"","_et_gb_content_width":"","footnotes":""},"class_list":["post-1301","page","type-page","status-publish","hentry"],"_links":{"self":[{"href":"https:\/\/marespa.it\/de\/wp-json\/wp\/v2\/pages\/1301","targetHints":{"allow":["GET"]}}],"collection":[{"href":"https:\/\/marespa.it\/de\/wp-json\/wp\/v2\/pages"}],"about":[{"href":"https:\/\/marespa.it\/de\/wp-json\/wp\/v2\/types\/page"}],"author":[{"embeddable":true,"href":"https:\/\/marespa.it\/de\/wp-json\/wp\/v2\/users\/1"}],"replies":[{"embeddable":true,"href":"https:\/\/marespa.it\/de\/wp-json\/wp\/v2\/comments?post=1301"}],"version-history":[{"count":42,"href":"https:\/\/marespa.it\/de\/wp-json\/wp\/v2\/pages\/1301\/revisions"}],"predecessor-version":[{"id":2189,"href":"https:\/\/marespa.it\/de\/wp-json\/wp\/v2\/pages\/1301\/revisions\/2189"}],"wp:attachment":[{"href":"https:\/\/marespa.it\/de\/wp-json\/wp\/v2\/media?parent=1301"}],"curies":[{"name":"wp","href":"https:\/\/api.w.org\/{rel}","templated":true}]}}