{"id":1273,"date":"2024-02-27T22:36:28","date_gmt":"2024-02-27T21:36:28","guid":{"rendered":"https:\/\/primanota-demo.it\/calidad\/"},"modified":"2024-07-26T10:58:48","modified_gmt":"2024-07-26T08:58:48","slug":"calidad","status":"publish","type":"page","link":"https:\/\/marespa.it\/es\/calidad\/","title":{"rendered":"Calidad"},"content":{"rendered":"<p>[et_pb_section fb_built=\u00bb1&#8243; _builder_version=\u00bb4.24.1&#8243; _module_preset=\u00bbdefault\u00bb background_image=\u00bbhttps:\/\/marespa.it\/wp-content\/uploads\/2024\/04\/PHOTO-2024-04-03-11-09-10-2-1.jpg\u00bb height=\u00bb25vh\u00bb hover_enabled=\u00bb0&#8243; background_last_edited=\u00bbon|desktop\u00bb global_colors_info=\u00bb{}\u00bb title_text=\u00bbPHOTO-2024-04-03-11-09-10 2&#8243; sticky_enabled=\u00bb0&#8243;][\/et_pb_section][et_pb_section fb_built=\u00bb1&#8243; _builder_version=\u00bb4.24.1&#8243; _module_preset=\u00bbdefault\u00bb background_color=\u00bb#f8f7f4&#8243; bottom_divider_color=\u00bb#005AAB\u00bb bottom_divider_height=\u00bb34px\u00bb bottom_divider_repeat=\u00bb1x\u00bb global_colors_info=\u00bb{}\u00bb][et_pb_row _builder_version=\u00bb4.24.1&#8243; _module_preset=\u00bbdefault\u00bb global_colors_info=\u00bb{}\u00bb][et_pb_column type=\u00bb4_4&#8243; _builder_version=\u00bb4.24.1&#8243; _module_preset=\u00bbdefault\u00bb global_colors_info=\u00bb{}\u00bb][et_pb_text _builder_version=\u00bb4.24.1&#8243; _module_preset=\u00bbdefault\u00bb text_letter_spacing=\u00bb1px\u00bb global_colors_info=\u00bb{}\u00bb]<\/p>\n<p>El esfuerzo constante por mejorar continuamente nuestra pol\u00edtica de gesti\u00f3n de la calidad, nos llev\u00f3 a considerar la calidad total como nuestro principal objetivo.<\/p>\n<p>MA.RE Monofilament SpA ha desarrollado un software propio para el control de todas las caracter\u00edsticas t\u00e9cnicas\/f\u00edsicas\/qu\u00edmicas de los hilos, a lo largo de todas las etapas del proceso productivo.<\/p>\n<p>Las temperaturas, la presi\u00f3n, los informes de estiramiento, la medici\u00f3n de los di\u00e1metros y las caracter\u00edsticas t\u00e9cnicas de todos los monofilamentos se controlan, supervisan y registran durante 10 a\u00f1os.<\/p>\n<p>[\/et_pb_text][\/et_pb_column][\/et_pb_row][\/et_pb_section][et_pb_section fb_built=\u00bb1&#8243; fullwidth=\u00bbon\u00bb _builder_version=\u00bb4.24.1&#8243; _module_preset=\u00bbdefault\u00bb background_image=\u00bbhttps:\/\/marespa.it\/wp-content\/uploads\/2024\/04\/PHOTO-2024-04-03-11-09-10.jpg\u00bb parallax=\u00bbon\u00bb parallax_method=\u00bboff\u00bb custom_padding=\u00bb||410px|||\u00bb top_divider_color=\u00bb#FFFFFF\u00bb top_divider_height=\u00bb47px\u00bb top_divider_flip=\u00bbvertical\u00bb hover_enabled=\u00bb0&#8243; global_colors_info=\u00bb{}\u00bb title_text=\u00bbPHOTO-2024-04-03-11-09-10&#8243; sticky_enabled=\u00bb0&#8243;][\/et_pb_section][et_pb_section fb_built=\u00bb1&#8243; _builder_version=\u00bb4.24.1&#8243; _module_preset=\u00bbdefault\u00bb background_color=\u00bb#005AAB\u00bb background_enable_image=\u00bboff\u00bb custom_padding=\u00bb||139px|||\u00bb bottom_divider_style=\u00bbarrow2&#8243; bottom_divider_color=\u00bb#f8f7f4&#8243; bottom_divider_height=\u00bb50px\u00bb global_colors_info=\u00bb{}\u00bb][et_pb_row _builder_version=\u00bb4.24.1&#8243; _module_preset=\u00bbdefault\u00bb custom_padding=\u00bb|0px||0px|false|false\u00bb global_colors_info=\u00bb{}\u00bb][et_pb_column type=\u00bb4_4&#8243; _builder_version=\u00bb4.24.1&#8243; _module_preset=\u00bbdefault\u00bb global_colors_info=\u00bb{}\u00bb][et_pb_gallery gallery_ids=\u00bb63,62,446,447&#8243; gallery_orderby=\u00bbrand\u00bb show_title_and_caption=\u00bboff\u00bb show_pagination=\u00bboff\u00bb zoom_icon_color=\u00bb#FFFFFF\u00bb hover_overlay_color=\u00bbRGBA(255,255,255,0)\u00bb hover_icon=\u00bb\ue054||divi||400&#8243; _builder_version=\u00bb4.24.1&#8243; _module_preset=\u00bbdefault\u00bb global_colors_info=\u00bb{}\u00bb][\/et_pb_gallery][\/et_pb_column][\/et_pb_row][et_pb_row _builder_version=\u00bb4.24.1&#8243; _module_preset=\u00bbdefault\u00bb custom_padding=\u00bb|0px||0px|false|false\u00bb global_colors_info=\u00bb{}\u00bb][et_pb_column type=\u00bb4_4&#8243; _builder_version=\u00bb4.24.1&#8243; _module_preset=\u00bbdefault\u00bb global_colors_info=\u00bb{}\u00bb][et_pb_text _builder_version=\u00bb4.24.1&#8243; _module_preset=\u00bbdefault\u00bb text_text_color=\u00bb#FFFFFF\u00bb text_letter_spacing=\u00bb1px\u00bb global_colors_info=\u00bb{}\u00bb]<\/p>\n<p>La trazabilidad de todos nuestros hilos est\u00e1 garantizada por un sofisticado sistema de codificaci\u00f3n por c\u00f3digo de barras, que hace muy sencillo a todos nuestros clientes saber c\u00f3mo, cu\u00e1ndo, d\u00f3nde y qui\u00e9n ha producido un art\u00edculo, y las causas de un problema.<br \/>Cada problema es trazable a trav\u00e9s de la etiqueta aplicada al producto.<\/p>\n<p>Capacitamos a nuestros valiosos empleados mensualmente. Exigimos alta calidad y queremos que trabajen de la mejor manera para conseguir la mejor calidad.<br \/>Programamos cursos de actualizaci\u00f3n para el uso de nuestros equipos y m\u00e1quinas, sistemas opcionales y nuevos m\u00e9todos de trabajo. Adem\u00e1s, durante estas reuniones explicamos cu\u00e1les son las peticiones de nuestros clientes y c\u00f3mo alcanzar esos objetivos.<\/p>\n<p>[\/et_pb_text][\/et_pb_column][\/et_pb_row][\/et_pb_section][et_pb_section fb_built=\u00bb1&#8243; _builder_version=\u00bb4.24.1&#8243; _module_preset=\u00bbdefault\u00bb background_color=\u00bb#f8f7f4&#8243; global_colors_info=\u00bb{}\u00bb][et_pb_row _builder_version=\u00bb4.24.1&#8243; _module_preset=\u00bbdefault\u00bb global_colors_info=\u00bb{}\u00bb][et_pb_column type=\u00bb4_4&#8243; _builder_version=\u00bb4.24.1&#8243; _module_preset=\u00bbdefault\u00bb global_colors_info=\u00bb{}\u00bb][et_pb_text _builder_version=\u00bb4.24.1&#8243; _module_preset=\u00bbdefault\u00bb text_letter_spacing=\u00bb1px\u00bb text_orientation=\u00bbcenter\u00bb global_colors_info=\u00bb{}\u00bb]<\/p>\n<p>MA.RE. Monofilament S.p.A. est\u00e1 certificada desde 2005.<\/p>\n<p>[\/et_pb_text][\/et_pb_column][\/et_pb_row][et_pb_row _builder_version=\u00bb4.24.1&#8243; _module_preset=\u00bbdefault\u00bb global_colors_info=\u00bb{}\u00bb][et_pb_column type=\u00bb4_4&#8243; _builder_version=\u00bb4.24.1&#8243; _module_preset=\u00bbdefault\u00bb global_colors_info=\u00bb{}\u00bb][et_pb_image src=\u00bbhttp:\/\/primanota-demo.it\/wp-content\/uploads\/2024\/04\/EN-ISO-90012015.jpg\u00bb title_text=\u00bbEN ISO 90012015&#8243; show_in_lightbox=\u00bbon\u00bb align=\u00bbcenter\u00bb _builder_version=\u00bb4.24.1&#8243; _module_preset=\u00bbdefault\u00bb global_colors_info=\u00bb{}\u00bb][\/et_pb_image][\/et_pb_column][\/et_pb_row][\/et_pb_section]<\/p>\n","protected":false},"excerpt":{"rendered":"<p>El esfuerzo constante por mejorar continuamente nuestra pol\u00edtica de gesti\u00f3n de la calidad, nos llev\u00f3 a considerar la calidad total como nuestro principal objetivo. MA.RE Monofilament SpA ha desarrollado un software propio para el control de todas las caracter\u00edsticas t\u00e9cnicas\/f\u00edsicas\/qu\u00edmicas de los hilos, a lo largo de todas las etapas del proceso productivo. Las temperaturas, [&hellip;]<\/p>\n","protected":false},"author":1,"featured_media":0,"parent":0,"menu_order":0,"comment_status":"closed","ping_status":"closed","template":"","meta":{"_et_pb_use_builder":"on","_et_pb_old_content":"","_et_gb_content_width":"","footnotes":""},"class_list":["post-1273","page","type-page","status-publish","hentry"],"_links":{"self":[{"href":"https:\/\/marespa.it\/es\/wp-json\/wp\/v2\/pages\/1273","targetHints":{"allow":["GET"]}}],"collection":[{"href":"https:\/\/marespa.it\/es\/wp-json\/wp\/v2\/pages"}],"about":[{"href":"https:\/\/marespa.it\/es\/wp-json\/wp\/v2\/types\/page"}],"author":[{"embeddable":true,"href":"https:\/\/marespa.it\/es\/wp-json\/wp\/v2\/users\/1"}],"replies":[{"embeddable":true,"href":"https:\/\/marespa.it\/es\/wp-json\/wp\/v2\/comments?post=1273"}],"version-history":[{"count":13,"href":"https:\/\/marespa.it\/es\/wp-json\/wp\/v2\/pages\/1273\/revisions"}],"predecessor-version":[{"id":2219,"href":"https:\/\/marespa.it\/es\/wp-json\/wp\/v2\/pages\/1273\/revisions\/2219"}],"wp:attachment":[{"href":"https:\/\/marespa.it\/es\/wp-json\/wp\/v2\/media?parent=1273"}],"curies":[{"name":"wp","href":"https:\/\/api.w.org\/{rel}","templated":true}]}}