{"id":1315,"date":"2024-02-27T21:58:49","date_gmt":"2024-02-27T20:58:49","guid":{"rendered":"https:\/\/primanota-demo.it\/historia\/"},"modified":"2024-07-26T10:52:42","modified_gmt":"2024-07-26T08:52:42","slug":"historia","status":"publish","type":"page","link":"https:\/\/marespa.it\/es\/historia\/","title":{"rendered":"Historia"},"content":{"rendered":"<p>[et_pb_section fb_built=\u00bb1&#8243; disabled_on=\u00bbon|off|off\u00bb _builder_version=\u00bb4.24.1&#8243; _module_preset=\u00bbdefault\u00bb background_enable_image=\u00bboff\u00bb background_video_mp4=\u00bbhttps:\/\/marespa.it\/wp-content\/uploads\/2024\/04\/banne-hystory-mare.mp4&#8243; max_width_tablet=\u00bb\u00bb max_width_phone=\u00bb\u00bb max_width_last_edited=\u00bbon|tablet\u00bb module_alignment=\u00bbcenter\u00bb height=\u00bb65vh\u00bb custom_padding=\u00bb||196px|||\u00bb hover_enabled=\u00bb0&#8243; background_last_edited=\u00bbon|desktop\u00bb background_video_width_phone=\u00bb500&#8243; global_colors_info=\u00bb{}\u00bb title_text=\u00bbbanne hystory mare\u00bb sticky_enabled=\u00bb0&#8243;][\/et_pb_section][et_pb_section fb_built=\u00bb1&#8243; disabled_on=\u00bboff|on|on\u00bb _builder_version=\u00bb4.24.1&#8243; _module_preset=\u00bbdefault\u00bb background_color=\u00bb#005AAB\u00bb global_colors_info=\u00bb{}\u00bb][et_pb_row _builder_version=\u00bb4.24.1&#8243; _module_preset=\u00bbdefault\u00bb global_colors_info=\u00bb{}\u00bb][et_pb_column type=\u00bb4_4&#8243; _builder_version=\u00bb4.24.1&#8243; _module_preset=\u00bbdefault\u00bb global_colors_info=\u00bb{}\u00bb][et_pb_code disabled_on=\u00bboff|on|on\u00bb _builder_version=\u00bb4.24.1&#8243; _module_preset=\u00bbdefault\u00bb text_orientation=\u00bbcenter\u00bb global_colors_info=\u00bb{}\u00bb]<video autoplay=\"autoplay\" loop=\"loop\" muted=\"\" defaultmuted=\"\" playsinline=\"\" oncontextmenu=\"return false;\" preload=\"auto\" id=\"myVideo\"><!-- [et_pb_line_break_holder] --><source src=\"http:\/\/primanota-demo.it\/wp-content\/uploads\/2024\/04\/mare-hystory-mobile1.mp4\" type=\"video\/mp4\"><!-- [et_pb_line_break_holder] -->        <\/source><\/video>[\/et_pb_code][\/et_pb_column][\/et_pb_row][\/et_pb_section][et_pb_section fb_built=\u00bb1&#8243; _builder_version=\u00bb4.24.1&#8243; _module_preset=\u00bbdefault\u00bb background_image=\u00bbhttp:\/\/primanota-demo.it\/wp-content\/uploads\/2024\/04\/8.png\u00bb parallax=\u00bbon\u00bb parallax_method=\u00bboff\u00bb filter_opacity=\u00bb90%\u00bb global_colors_info=\u00bb{}\u00bb][et_pb_row _builder_version=\u00bb4.24.1&#8243; _module_preset=\u00bbdefault\u00bb global_colors_info=\u00bb{}\u00bb][et_pb_column type=\u00bb4_4&#8243; _builder_version=\u00bb4.24.1&#8243; _module_preset=\u00bbdefault\u00bb global_colors_info=\u00bb{}\u00bb][et_pb_text _builder_version=\u00bb4.24.1&#8243; _module_preset=\u00bbdefault\u00bb text_font=\u00bbMontserrat|700|||||||\u00bb background_color=\u00bb#f8f7f4&#8243; text_orientation=\u00bbcenter\u00bb custom_padding=\u00bb20px|20px|20px|20px|true|true\u00bb border_radii=\u00bbon|44px|44px|44px|44px\u00bb global_colors_info=\u00bb{}\u00bb]<\/p>\n<p>Desde hace m\u00e1s de 187 a\u00f1os MA.RE. spa trabaja en nombre de la excelencia y la innovaci\u00f3n para ofrecer a sus clientes un producto innovador y de altas prestaciones<\/p>\n<p>[\/et_pb_text][\/et_pb_column][\/et_pb_row][et_pb_row _builder_version=\u00bb4.24.1&#8243; _module_preset=\u00bbdefault\u00bb global_colors_info=\u00bb{}\u00bb][et_pb_column type=\u00bb4_4&#8243; _builder_version=\u00bb4.24.1&#8243; _module_preset=\u00bbdefault\u00bb global_colors_info=\u00bb{}\u00bb][dipl_timeline select_timeline_layout=\u00bbdipl_date_tree\u00bb global_timeline_icon_color=\u00bb#005AAB\u00bb timeline_bar_size=\u00bb3px\u00bb timeline_bar_color=\u00bb#D8EBFF\u00bb timeline_bar_fill_color=\u00bb#005AAB\u00bb timeline_bar_shape_color=\u00bb#D8EBFF\u00bb timeline_bar_shape_fill_color=\u00bb#005AAB\u00bb timeline_bar_shape_border_color=\u00bb#D8EBFF\u00bb timeline_bar_shape_border_fill_color=\u00bb#005AAB\u00bb global_timeline_background_enable_image=\u00bboff\u00bb _builder_version=\u00bb4.24.1&#8243; _module_preset=\u00bbdefault\u00bb global_timeline_header_text_color=\u00bb#005AAB\u00bb global_timeline_text_font=\u00bbMontserrat||||||||\u00bb global_timeline_text_text_color=\u00bb#005AAB\u00bb global_timeline_date_text_color=\u00bb#FFFFFF\u00bb animation_style=\u00bbfade\u00bb border_radii=\u00bbon|26px|26px|26px|26px\u00bb global_colors_info=\u00bb{}\u00bb][dipl_timeline_item display_time=\u00bbon\u00bb timeline_custom_time=\u00bb1837&#8243; use_timeline_icon=\u00bbon\u00bb select_timeline_icon=\u00bb\uf275||fa||900&#8243; _builder_version=\u00bb4.24.1&#8243; _module_preset=\u00bbdefault\u00bb global_timeline_header_font=\u00bbMontserrat|700||on|||||\u00bb global_timeline_header_text_color=\u00bb#005AAB\u00bb global_colors_info=\u00bb{}\u00bb]<\/p>\n<h2>LA FUNDACI\u00d3N<\/h2>\n<p>Es nuestro a\u00f1o hist\u00f3rico, cuando todo empez\u00f3.<br \/>Los dos hermanos Virgilio, Evangelista y su hermana Chiara fundaron la empresa \u00abZiliani Virgilio y Hermanos\u00bb como f\u00e1brica de redes de pesca.<\/p>\n<p>[\/dipl_timeline_item][dipl_timeline_item display_time=\u00bbon\u00bb timeline_custom_time=\u00bb1892&#8243; use_timeline_icon=\u00bbon\u00bb select_timeline_icon=\u00bb\ue08a||divi||400&#8243; _builder_version=\u00bb4.24.1&#8243; _module_preset=\u00bbdefault\u00bb global_timeline_header_font=\u00bbMontserrat|700||on|||||\u00bb global_timeline_header_text_color=\u00bb#005AAB\u00bb global_colors_info=\u00bb{}\u00bb]<\/p>\n<p><span>  A la muerte de Evangelista Ziliani, la empresa pas\u00f3 a manos de su hijo Gian Battista.<\/span><\/p>\n<p>[\/dipl_timeline_item][dipl_timeline_item display_time=\u00bbon\u00bb timeline_custom_time=\u00bb1927&#8243; use_timeline_icon=\u00bbon\u00bb select_timeline_icon=\u00bb\uf0c0||fa||900&#8243; _builder_version=\u00bb4.24.1&#8243; _module_preset=\u00bbdefault\u00bb global_timeline_header_font=\u00bbMontserrat|700||on|||||\u00bb global_timeline_header_text_color=\u00bb#005AAB\u00bb global_colors_info=\u00bb{}\u00bb]<\/p>\n<h2>DE LA ARTESAN\u00cdA A LA ACTIVIDAD INDUSTRIAL<\/h2>\n<p>Es un a\u00f1o importante para nuestra empresa. Los hijos de Gian Battista, Italo y Mario, inician la construcci\u00f3n de una nueva f\u00e1brica en Sulzano (Brescia) con el nombre de: \u00abRetificio Evangelista Ziliani\u00bb.<\/p>\n<p>[\/dipl_timeline_item][dipl_timeline_item display_time=\u00bbon\u00bb timeline_custom_time=\u00bb1948&#8243; use_timeline_icon=\u00bbon\u00bb select_timeline_icon=\u00bb\ue068||fa||900&#8243; _builder_version=\u00bb4.24.1&#8243; _module_preset=\u00bbdefault\u00bb global_timeline_header_font=\u00bbMontserrat|700||on|||||\u00bb global_timeline_header_text_color=\u00bb#005AAB\u00bb global_colors_info=\u00bb{}\u00bb]<\/p>\n<p>Ziliani Mario se retira de la empresa y es sustituido por Italo Ziliani y su esposa Maria Maddalena Cavalieri.<\/p>\n<p>[\/dipl_timeline_item][dipl_timeline_item display_time=\u00bbon\u00bb timeline_custom_time=\u00bb1960&#8243; _builder_version=\u00bb4.24.1&#8243; _module_preset=\u00bbdefault\u00bb global_timeline_header_font=\u00bbMontserrat|700||on|||||\u00bb global_timeline_header_text_color=\u00bb#005AAB\u00bb global_colors_info=\u00bb{}\u00bb]<\/p>\n<h2>SE INTRODUCEN LAS PRIMERAS M\u00c1QUINAS RETORCEDORAS<\/h2>\n<p>Las redes de pesca que antes se fabricaban con hilo de algod\u00f3n, a partir de ahora deb\u00edan fabricarse con multifilamento de poliamida.<\/p>\n<p>[\/dipl_timeline_item][dipl_timeline_item display_time=\u00bbon\u00bb timeline_custom_time=\u00bb1961&#8243; use_timeline_icon=\u00bbon\u00bb select_timeline_icon=\u00bb\uf4fc||fa||900&#8243; _builder_version=\u00bb4.24.1&#8243; _module_preset=\u00bbdefault\u00bb global_timeline_header_font=\u00bbMontserrat|700||on|||||\u00bb global_timeline_header_text_color=\u00bb#005AAB\u00bb global_colors_info=\u00bb{}\u00bb]<\/p>\n<p>Evangelista Ziliani entr\u00f3 en la empresa, junto con su padre Italo y su madre Maria Maddalena Cavalieri.<\/p>\n<p>[\/dipl_timeline_item][dipl_timeline_item display_time=\u00bbon\u00bb timeline_custom_time=\u00bb1966&#8243; use_timeline_icon=\u00bbon\u00bb select_timeline_icon=\u00bb\uf275||fa||900&#8243; _builder_version=\u00bb4.24.1&#8243; _module_preset=\u00bbdefault\u00bb global_timeline_header_font=\u00bbMontserrat|700||on|||||\u00bb global_timeline_header_text_color=\u00bb#005AAB\u00bb global_colors_info=\u00bb{}\u00bb]<\/p>\n<p>Se construy\u00f3 un nuevo edificio cerca del antiguo \u00abRetificio Ziliani\u00bb y el nombre de la empresa pas\u00f3 a ser<br \/>MA.RE.CO (MA=Manifattura como fabricaci\u00f3n; RE=Reti como redes; CO=Corde como cuerdas).<\/p>\n<p>[\/dipl_timeline_item][dipl_timeline_item display_time=\u00bbon\u00bb timeline_custom_time=\u00bb1971&#8243; use_timeline_icon=\u00bbon\u00bb select_timeline_icon=\u00bb\uf4fc||fa||900&#8243; _builder_version=\u00bb4.24.1&#8243; _module_preset=\u00bbdefault\u00bb global_timeline_header_font=\u00bbMontserrat|700||on|||||\u00bb global_timeline_header_text_color=\u00bb#005AAB\u00bb global_colors_info=\u00bb{}\u00bb]<\/p>\n<p>Gian Battista Ziliani entr\u00f3 en la empresa junto con su hermano Evangelista y su madre Maria Maddalena Cavalieri.<\/p>\n<p>[\/dipl_timeline_item][dipl_timeline_item display_time=\u00bbon\u00bb timeline_custom_time=\u00bb1975&#8243; use_timeline_icon=\u00bbon\u00bb select_timeline_icon=\u00bb\uf835||fa||400&#8243; _builder_version=\u00bb4.24.1&#8243; _module_preset=\u00bbdefault\u00bb global_timeline_header_font=\u00bbMontserrat|700||on|||||\u00bb global_timeline_header_text_color=\u00bb#005AAB\u00bb global_colors_info=\u00bb{}\u00bb]<\/p>\n<p>Las empresas \u00abRetificio Ziliani\u00bb y MA.RE.CO se trasladaron en otro pueblo, de Sulzano a Iseo, a una nueva planta, en una superficie 20 veces mayor<br \/>El nombre de la empresa cambi\u00f3 a MA.RE. (Manifattura como fabricaci\u00f3n; RE=Reti como redes)<\/p>\n<p>[\/dipl_timeline_item][dipl_timeline_item display_time=\u00bbon\u00bb timeline_custom_time=\u00bb1977&#8243; _builder_version=\u00bb4.24.1&#8243; _module_preset=\u00bbdefault\u00bb global_timeline_header_font=\u00bbMontserrat|700||on|||||\u00bb global_timeline_header_text_color=\u00bb#005AAB\u00bb global_colors_info=\u00bb{}\u00bb]<\/p>\n<h2>POLI\u00c9STER MULTIFILAMENTO<\/h2>\n<p>Nuevo Producto: Multifilamento de poli\u00e9ster para hilos de coser<\/p>\n<p>[\/dipl_timeline_item][dipl_timeline_item display_time=\u00bbon\u00bb timeline_custom_time=\u00bb1985&#8243; _builder_version=\u00bb4.24.1&#8243; _module_preset=\u00bbdefault\u00bb global_timeline_header_font=\u00bbMontserrat|700||on|||||\u00bb global_timeline_header_text_color=\u00bb#005AAB\u00bb global_colors_info=\u00bb{}\u00bb]<\/p>\n<h2>NO SE HICIERON M\u00c1S CUERDAS<\/h2>\n<p>[\/dipl_timeline_item][dipl_timeline_item display_time=\u00bbon\u00bb timeline_custom_time=\u00bb1990&#8243; _builder_version=\u00bb4.24.1&#8243; _module_preset=\u00bbdefault\u00bb global_timeline_header_font=\u00bbMontserrat|700||on|||||\u00bb global_timeline_header_text_color=\u00bb#005AAB\u00bb global_colors_info=\u00bb{}\u00bb]<\/p>\n<h2>SE INSTALA LA PRIMERA M\u00c1QUINA DE EXTRUSI\u00d3N<\/h2>\n<p>Empezamos a producir monofilamentos de poliamida y poli\u00e9ster para diversas aplicaciones industriales.<\/p>\n<p>[\/dipl_timeline_item][dipl_timeline_item display_time=\u00bbon\u00bb timeline_custom_time=\u00bb1992&#8243; _builder_version=\u00bb4.24.1&#8243; _module_preset=\u00bbdefault\u00bb global_timeline_header_font=\u00bbMontserrat|700||on|||||\u00bb global_timeline_header_text_color=\u00bb#005AAB\u00bb global_colors_info=\u00bb{}\u00bb]<\/p>\n<h3>MA.RE. entr\u00f3 en el mundo del PMC (Paper Machine Clothing)<\/h3>\n<p>Este es el tercer paso importante de nuestros cambios, con la producci\u00f3n de monofilamentos para fieltros destinados a las f\u00e1bricas de papel.<\/p>\n<p>[\/dipl_timeline_item][dipl_timeline_item display_time=\u00bbon\u00bb timeline_custom_time=\u00bb2001&#8243; _builder_version=\u00bb4.24.1&#8243; _module_preset=\u00bbdefault\u00bb global_timeline_header_font=\u00bbMontserrat|700||on|||||\u00bb global_timeline_header_text_color=\u00bb#005AAB\u00bb global_colors_info=\u00bb{}\u00bb]<\/p>\n<h2>POLIAMIDA RETORCIDA<\/h2>\n<p>Monofilamento retorcido de poliamida a\u00f1adido a nuestra gama de productos.<\/p>\n<p>Italo ZILIANI, hijo de Evangelista, empez\u00f3 a trabajar junto a su padre en el Departamento Comercial.<br \/>Desarrollamos nuevos productos para:<br \/>&#8211; Automoci\u00f3n &#8211; Fieltros de curtidur\u00eda &#8211; Fibrocemento &#8211; Cintas de transporte.<\/p>\n<p>[\/dipl_timeline_item][dipl_timeline_item display_time=\u00bbon\u00bb timeline_custom_time=\u00bb2005&#8243; use_timeline_icon=\u00bbon\u00bb select_timeline_icon=\u00bb\uf0b0||fa||900&#8243; _builder_version=\u00bb4.24.1&#8243; _module_preset=\u00bbdefault\u00bb global_timeline_header_font=\u00bbMontserrat|700||on|||||\u00bb global_timeline_header_text_color=\u00bb#005AAB\u00bb global_colors_info=\u00bb{}\u00bb]<\/p>\n<p>Mario ZILIANI, hijo de Gian Battista, empez\u00f3 a trabajar junto a su padre en el Departamento T\u00e9cnico.<br \/>Desarrollamos nuevos productos para: Filtraci\u00f3n y otras Aplicaciones Especiales.<\/p>\n<p>[\/dipl_timeline_item][dipl_timeline_item display_time=\u00bbon\u00bb timeline_custom_time=\u00bb2009&#8243; _builder_version=\u00bb4.24.1&#8243; _module_preset=\u00bbdefault\u00bb global_timeline_header_font=\u00bbMontserrat|700||on|||||\u00bb global_timeline_header_text_color=\u00bb#005AAB\u00bb global_colors_info=\u00bb{}\u00bb]<\/p>\n<h2>MA.RE. ten\u00eda #6 L\u00cdNEAS DE EXTRUSI\u00d3N<\/h2>\n<p>Seguimos invirtiendo en nuevos proyectos y equipos de laboratorio. Se increment\u00f3 el n\u00famero de empleados en los departamentos de producci\u00f3n, t\u00e9cnico y de I+D.<\/p>\n<p>[\/dipl_timeline_item][dipl_timeline_item display_time=\u00bbon\u00bb timeline_custom_time=\u00bb2010&#8243; _builder_version=\u00bb4.24.1&#8243; _module_preset=\u00bbdefault\u00bb global_timeline_header_font=\u00bbMontserrat|700||on|||||\u00bb global_timeline_header_text_color=\u00bb#005AAB\u00bb global_colors_info=\u00bb{}\u00bb]<\/p>\n<h3>Nuestra PRODUCCI\u00d3N DE MONOFILAMENTOS TORCIDOS se AMPLI\u00d3<\/h3>\n<p>Se llev\u00f3 a cabo una campa\u00f1a de renovaci\u00f3n de todas las m\u00e1quinas de retorcido, se utilizaron nuevos motores con inversores de bajo consumo energ\u00e9tico, para trabajar con mayor capacidad y satisfacer la creciente demanda de mono retorcido de prensa PMC en urdimbre y trama.<\/p>\n<p>[\/dipl_timeline_item][dipl_timeline_item display_time=\u00bbon\u00bb timeline_custom_time=\u00bb2017&#8243; use_timeline_icon=\u00bbon\u00bb select_timeline_icon=\u00bb\uf494||fa||900&#8243; _builder_version=\u00bb4.24.1&#8243; _module_preset=\u00bbdefault\u00bb global_timeline_header_font=\u00bbMontserrat|700||on|||||\u00bb global_timeline_header_text_color=\u00bb#005AAB\u00bb global_colors_info=\u00bb{}\u00bb]<\/p>\n<p>L\u00ednea de extrusi\u00f3n n\u00ba 10 y ampliaci\u00f3n del almac\u00e9n de materias primas<\/p>\n<p>[\/dipl_timeline_item][dipl_timeline_item display_time=\u00bbon\u00bb timeline_custom_time=\u00bb2018&#8243; use_timeline_icon=\u00bbon\u00bb select_timeline_icon=\u00bb\uf0b0||fa||900&#8243; _builder_version=\u00bb4.24.1&#8243; _module_preset=\u00bbdefault\u00bb global_timeline_header_font=\u00bbMontserrat|700||on|||||\u00bb global_timeline_header_text_color=\u00bb#005AAB\u00bb global_colors_info=\u00bb{}\u00bb]<\/p>\n<p>L\u00ednea de extrusi\u00f3n n\u00ba 11 y seguir creciendo en el campo de la filtraci\u00f3n<\/p>\n<p>[\/dipl_timeline_item][dipl_timeline_item display_time=\u00bbon\u00bb timeline_custom_time=\u00bb2020&#8243; use_timeline_icon=\u00bbon\u00bb select_timeline_icon=\u00bb\uf275||fa||900&#8243; _builder_version=\u00bb4.24.1&#8243; _module_preset=\u00bbdefault\u00bb global_timeline_header_font=\u00bbMontserrat|700||on|||||\u00bb global_timeline_header_text_color=\u00bb#005AAB\u00bb global_colors_info=\u00bb{}\u00bb]<\/p>\n<p>L\u00ednea de extrusi\u00f3n n\u00ba 12 y ampliaci\u00f3n del dep\u00f3sito de envases<\/p>\n<p>[\/dipl_timeline_item][dipl_timeline_item display_time=\u00bbon\u00bb timeline_custom_time=\u00bb2021-2022&#8243; _builder_version=\u00bb4.24.1&#8243; _module_preset=\u00bbdefault\u00bb global_timeline_header_font=\u00bbMontserrat|700||on|||||\u00bb global_timeline_header_text_color=\u00bb#005AAB\u00bb global_colors_info=\u00bb{}\u00bb]<\/p>\n<h2>REGISTROS EN CANTIDADES DE PRODUCCI\u00d3N<\/h2>\n<p>Estos a\u00f1os siempre ser\u00e1n recordados por la pandemia mundial de COVID-19 y, sin embargo, MA.RE. Trabajando a pleno rendimiento y en contratendencia con respecto a nuestros otros competidores, pudimos entregar a tiempo todos los pedidos de nuestros clientes.<br \/>\u00c9sa fue la clave para crecer en el PMC PRENSA y pasar a las FIBRAS SECADORAS.<br \/>Se inici\u00f3 una NUEVA cooperaci\u00f3n en el PMC FORMING FABRICS, con algunos actores importantes de este mercado.<\/p>\n<p>[\/dipl_timeline_item][dipl_timeline_item display_time=\u00bbon\u00bb timeline_custom_time=\u00bb2024&#8243; use_timeline_icon=\u00bbon\u00bb select_timeline_icon=\u00bb\uf64f||fa||900&#8243; _builder_version=\u00bb4.24.1&#8243; _module_preset=\u00bbdefault\u00bb global_timeline_header_font=\u00bbMontserrat|700||on|||||\u00bb global_timeline_header_text_color=\u00bb#005AAB\u00bb global_colors_info=\u00bb{}\u00bb]<\/p>\n<p>&#8211; Nuevo Edificio Para El Almacenamiento De Pol\u00edmeros<br \/>&#8211; Nuevo Centro Log\u00edstico Para La Entrada De Materiales<br \/>&#8211; Aumento De Los Monofilamentos De Prensado Y Secado Y Conformado Pmc Vendidos A Todos Los Principales <br \/>Actores Del Mercado<br \/>&#8211; Monofilamentos De Filtraci\u00f3n: Un Mercado Dif\u00edcil Pero Nuestra I+D Consigui\u00f3 Desarrollar Hilos Finos Super<\/p>\n<p> &#8211; Monofilamentos De Automoci\u00f3n: Principalmente Para Los Coches El\u00e9ctricos Y Los Trenes El\u00e9ctricos<br \/>&#8211; \u00aeStandard Pa 6 &#8211; Pa 6.6 Y Pet Mono Producidos Hasta El 100% De Pol\u00edmero Reciclado<\/p>\n<p>[\/dipl_timeline_item][dipl_timeline_item display_time=\u00bbon\u00bb timeline_custom_time=\u00bb2025-2028&#8243; use_timeline_icon=\u00bbon\u00bb select_timeline_icon=\u00bb\uf1b8||fa||900&#8243; _builder_version=\u00bb4.24.1&#8243; _module_preset=\u00bbdefault\u00bb global_timeline_header_font=\u00bbMontserrat|700||on|||||\u00bb global_timeline_header_text_color=\u00bb#005AAB\u00bb global_colors_info=\u00bb{}\u00bb]<\/p>\n<h2>MIRANDO AL FUTURO<\/h2>\n<p>&#8211; Reducci\u00f3n de las emisiones de CO2 y an\u00e1lisis de la huella de carbono<br \/>&#8211; \u00aeReciclar nuestros productos: reciclar nuestros monofilamentos para producir otros nuevos.<br \/>&#8211; \u00aeProductos de reciclaje nuestros clientes: reciclaje de fieltros y tejidos para fabricar nuevos mono<br \/>&#8211; \u00aeReciclaje de MONOFILAMENTOS: nuestro principal objetivo es el crecimiento de PA 6 &#8211; PA 6.6 y PET<br \/>mono reciclado a PA 6.10 &#8211; PA 12 y mono reciclado resistente a la hidr\u00f3lisis del PET<br \/>&#8211; Instalaci\u00f3n de paneles solares<br \/>&#8211; Reducci\u00f3n del consumo de agua en el proceso<br \/>&#8211; descarbonizaci\u00f3n de nuestros medios de transporte (carretillas elevadoras, veh\u00edculos comerciales, camiones de reparto&#8230;)<br \/>&#8211; DESARROLLO del MONO vinculado a la AUTOMOCI\u00d3N 100% EL\u00c9CTRICA<br \/>&#8211; CONTINUAR EL CRECIMIENTO DE NUESTRAS L\u00cdNEAS DE PRODUCCI\u00d3N, centr\u00e1ndonos en la FLEXIBILIDAD, las ENTREGAS A TIEMPO y los SERVICIOS POST-VENTA.<\/p>\n<p>[\/dipl_timeline_item][\/dipl_timeline][\/et_pb_column][\/et_pb_row][\/et_pb_section]<\/p>\n","protected":false},"excerpt":{"rendered":"<p>Desde hace m\u00e1s de 187 a\u00f1os MA.RE. spa trabaja en nombre de la excelencia y la innovaci\u00f3n para ofrecer a sus clientes un producto innovador y de altas prestaciones<div class=\"et_pb_module dipl_timeline dipl_timeline_0 et_animated\">\n\t\t\t\t\n\t\t\t\t\n\t\t\t\t\n\t\t\t\t\n\t\t\t\t\n\t\t\t\t\n\t\t\t\t<div class=\"et_pb_module_inner\">\n\t\t\t\t\t<div class=\"dipl_timeline_alternate\"><div class=\"dipl_timeline_wrapper\">\n                            \n                        <\/div><div class=\"dipl_timeline_alternate_stem dipl_date_tree_stem\"><div class=\"dipl_stem_wrapper\"><div class=\"dipl_stem\"><\/div><\/div><\/div><\/div>\n\t\t\t\t<\/div>\n\t\t\t<\/div><div class=\"et_pb_module dipl_timeline_item dipl_timeline_item_0\">\n\t\t\t\t<div class=\"dipl_date_tree dipl_timeline_item_wrapper\">       \n                                <div class=\"dipl_stem_center\"><div class=\"dipl_time_wrapper\"><\/div><\/div>\n                                <div class=\"dipl_item_content\">\n                                \t<div class=\"dipl_item_content_inner\">\n\t                                    \n\t                                    <h3 class=\"dipl_item_title\"><\/h3>\n\t                                    \n\t                                    <span class=\"dipl_triangle\"><\/span>\n\t                                <\/div>\n                                <\/div>\n                                <div class=\"dipl_date_container\"><\/div>\n                            <\/div>\n\t\t\t<\/div><\/p>\n","protected":false},"author":1,"featured_media":0,"parent":0,"menu_order":0,"comment_status":"closed","ping_status":"closed","template":"","meta":{"_et_pb_use_builder":"on","_et_pb_old_content":"","_et_gb_content_width":"","footnotes":""},"class_list":["post-1315","page","type-page","status-publish","hentry"],"_links":{"self":[{"href":"https:\/\/marespa.it\/es\/wp-json\/wp\/v2\/pages\/1315","targetHints":{"allow":["GET"]}}],"collection":[{"href":"https:\/\/marespa.it\/es\/wp-json\/wp\/v2\/pages"}],"about":[{"href":"https:\/\/marespa.it\/es\/wp-json\/wp\/v2\/types\/page"}],"author":[{"embeddable":true,"href":"https:\/\/marespa.it\/es\/wp-json\/wp\/v2\/users\/1"}],"replies":[{"embeddable":true,"href":"https:\/\/marespa.it\/es\/wp-json\/wp\/v2\/comments?post=1315"}],"version-history":[{"count":26,"href":"https:\/\/marespa.it\/es\/wp-json\/wp\/v2\/pages\/1315\/revisions"}],"predecessor-version":[{"id":2193,"href":"https:\/\/marespa.it\/es\/wp-json\/wp\/v2\/pages\/1315\/revisions\/2193"}],"wp:attachment":[{"href":"https:\/\/marespa.it\/es\/wp-json\/wp\/v2\/media?parent=1315"}],"curies":[{"name":"wp","href":"https:\/\/api.w.org\/{rel}","templated":true}]}}