{"id":1463,"date":"2024-02-27T22:36:28","date_gmt":"2024-02-27T21:36:28","guid":{"rendered":"https:\/\/primanota-demo.it\/qualite\/"},"modified":"2024-07-26T10:56:59","modified_gmt":"2024-07-26T08:56:59","slug":"qualite","status":"publish","type":"page","link":"https:\/\/marespa.it\/fr\/qualite\/","title":{"rendered":"Qualit\u00e9"},"content":{"rendered":"<p>[et_pb_section fb_built=\u00a0\u00bb1&Prime; _builder_version=\u00a0\u00bb4.24.1&Prime; _module_preset=\u00a0\u00bbdefault\u00a0\u00bb background_image=\u00a0\u00bbhttps:\/\/marespa.it\/wp-content\/uploads\/2024\/04\/PHOTO-2024-04-03-11-09-10-2-1.jpg\u00a0\u00bb height=\u00a0\u00bb25vh\u00a0\u00bb hover_enabled=\u00a0\u00bb0&Prime; background_last_edited=\u00a0\u00bbon|desktop\u00a0\u00bb global_colors_info=\u00a0\u00bb{}\u00a0\u00bb title_text=\u00a0\u00bbPHOTO-2024-04-03-11-09-10 2&Prime; sticky_enabled=\u00a0\u00bb0&Prime;][\/et_pb_section][et_pb_section fb_built=\u00a0\u00bb1&Prime; _builder_version=\u00a0\u00bb4.24.1&Prime; _module_preset=\u00a0\u00bbdefault\u00a0\u00bb background_color=\u00a0\u00bb#f8f7f4&Prime; bottom_divider_color=\u00a0\u00bb#005AAB\u00a0\u00bb bottom_divider_height=\u00a0\u00bb34px\u00a0\u00bb bottom_divider_repeat=\u00a0\u00bb1x\u00a0\u00bb global_colors_info=\u00a0\u00bb{}\u00a0\u00bb][et_pb_row _builder_version=\u00a0\u00bb4.24.1&Prime; _module_preset=\u00a0\u00bbdefault\u00a0\u00bb global_colors_info=\u00a0\u00bb{}\u00a0\u00bb][et_pb_column type=\u00a0\u00bb4_4&Prime; _builder_version=\u00a0\u00bb4.24.1&Prime; _module_preset=\u00a0\u00bbdefault\u00a0\u00bb global_colors_info=\u00a0\u00bb{}\u00a0\u00bb][et_pb_text _builder_version=\u00a0\u00bb4.24.1&Prime; _module_preset=\u00a0\u00bbdefault\u00a0\u00bb text_letter_spacing=\u00a0\u00bb1px\u00a0\u00bb global_colors_info=\u00a0\u00bb{}\u00a0\u00bb]<\/p>\n<p>L&rsquo;effort constant pour am\u00e9liorer continuellement notre politique de gestion de la qualit\u00e9, nous a amen\u00e9 \u00e0 consid\u00e9rer la qualit\u00e9 totale comme notre objectif principal.<\/p>\n<p>MA.RE Monofilament S.p.A. a d\u00e9velopp\u00e9 son propre logiciel pour le contr\u00f4le de toutes les caract\u00e9ristiques techniques\/physiques\/chimiques des fils, tout au long de toutes les \u00e9tapes du processus de production.<\/p>\n<p>Temp\u00e9ratures, pressions, rapports d&rsquo;\u00e9tirement, mesure des diam\u00e8tres, caract\u00e9ristiques techniques de tous les monofilaments sont contr\u00f4l\u00e9s, surveill\u00e9s et enregistr\u00e9s pendant 10 ans.<\/p>\n<p>[\/et_pb_text][\/et_pb_column][\/et_pb_row][\/et_pb_section][et_pb_section fb_built=\u00a0\u00bb1&Prime; fullwidth=\u00a0\u00bbon\u00a0\u00bb _builder_version=\u00a0\u00bb4.24.1&Prime; _module_preset=\u00a0\u00bbdefault\u00a0\u00bb background_image=\u00a0\u00bbhttps:\/\/marespa.it\/wp-content\/uploads\/2024\/04\/PHOTO-2024-04-03-11-09-10.jpg\u00a0\u00bb parallax=\u00a0\u00bbon\u00a0\u00bb parallax_method=\u00a0\u00bboff\u00a0\u00bb custom_padding=\u00a0\u00bb||410px|||\u00a0\u00bb top_divider_color=\u00a0\u00bb#FFFFFF\u00a0\u00bb top_divider_height=\u00a0\u00bb47px\u00a0\u00bb top_divider_flip=\u00a0\u00bbvertical\u00a0\u00bb hover_enabled=\u00a0\u00bb0&Prime; global_colors_info=\u00a0\u00bb{}\u00a0\u00bb title_text=\u00a0\u00bbPHOTO-2024-04-03-11-09-10&Prime; sticky_enabled=\u00a0\u00bb0&Prime;][\/et_pb_section][et_pb_section fb_built=\u00a0\u00bb1&Prime; _builder_version=\u00a0\u00bb4.24.1&Prime; _module_preset=\u00a0\u00bbdefault\u00a0\u00bb background_color=\u00a0\u00bb#005AAB\u00a0\u00bb background_enable_image=\u00a0\u00bboff\u00a0\u00bb custom_padding=\u00a0\u00bb||139px|||\u00a0\u00bb bottom_divider_style=\u00a0\u00bbarrow2&Prime; bottom_divider_color=\u00a0\u00bb#f8f7f4&Prime; bottom_divider_height=\u00a0\u00bb50px\u00a0\u00bb global_colors_info=\u00a0\u00bb{}\u00a0\u00bb][et_pb_row _builder_version=\u00a0\u00bb4.24.1&Prime; _module_preset=\u00a0\u00bbdefault\u00a0\u00bb custom_padding=\u00a0\u00bb|0px||0px|false|false\u00a0\u00bb global_colors_info=\u00a0\u00bb{}\u00a0\u00bb][et_pb_column type=\u00a0\u00bb4_4&Prime; _builder_version=\u00a0\u00bb4.24.1&Prime; _module_preset=\u00a0\u00bbdefault\u00a0\u00bb global_colors_info=\u00a0\u00bb{}\u00a0\u00bb][et_pb_gallery gallery_ids=\u00a0\u00bb63,62,446,447&Prime; gallery_orderby=\u00a0\u00bbrand\u00a0\u00bb show_title_and_caption=\u00a0\u00bboff\u00a0\u00bb show_pagination=\u00a0\u00bboff\u00a0\u00bb zoom_icon_color=\u00a0\u00bb#FFFFFF\u00a0\u00bb hover_overlay_color=\u00a0\u00bbRGBA(255,255,255,0)\u00a0\u00bb hover_icon=\u00a0\u00bb\ue054||divi||400&Prime; _builder_version=\u00a0\u00bb4.24.1&Prime; _module_preset=\u00a0\u00bbdefault\u00a0\u00bb global_colors_info=\u00a0\u00bb{}\u00a0\u00bb][\/et_pb_gallery][\/et_pb_column][\/et_pb_row][et_pb_row _builder_version=\u00a0\u00bb4.24.1&Prime; _module_preset=\u00a0\u00bbdefault\u00a0\u00bb custom_padding=\u00a0\u00bb|0px||0px|false|false\u00a0\u00bb global_colors_info=\u00a0\u00bb{}\u00a0\u00bb][et_pb_column type=\u00a0\u00bb4_4&Prime; _builder_version=\u00a0\u00bb4.24.1&Prime; _module_preset=\u00a0\u00bbdefault\u00a0\u00bb global_colors_info=\u00a0\u00bb{}\u00a0\u00bb][et_pb_text _builder_version=\u00a0\u00bb4.24.1&Prime; _module_preset=\u00a0\u00bbdefault\u00a0\u00bb text_text_color=\u00a0\u00bb#FFFFFF\u00a0\u00bb text_letter_spacing=\u00a0\u00bb1px\u00a0\u00bb global_colors_info=\u00a0\u00bb{}\u00a0\u00bb]<\/p>\n<p>La tra\u00e7abilit\u00e9 de tous nos fils est garantie par un syst\u00e8me sophistiqu\u00e9 de codification par code-barres, qui permet \u00e0 tous nos clients de savoir tr\u00e8s facilement comment, quand, o\u00f9 et qui a produit un article, ainsi que les causes profondes d&rsquo;un probl\u00e8me.<br \/>Chaque probl\u00e8me est tra\u00e7able gr\u00e2ce \u00e0 l&rsquo;\u00e9tiquette appos\u00e9e sur le produit.<\/p>\n<p>Nous formons nos pr\u00e9cieux employ\u00e9s sur une base mensuelle. Nous exigeons une qualit\u00e9 \u00e9lev\u00e9e et voulons qu&rsquo;ils travaillent de la meilleure mani\u00e8re possible pour obtenir la meilleure qualit\u00e9.<br \/>Nous organisons des cours de recyclage pour l&rsquo;utilisation de nos \u00e9quipements et machines, des syst\u00e8mes optionnels et de nouvelles m\u00e9thodes de travail. De plus, lors de ces r\u00e9unions nous expliquons quelles sont les demandes de nos clients et comment atteindre ces objectifs.<\/p>\n<p>[\/et_pb_text][\/et_pb_column][\/et_pb_row][\/et_pb_section][et_pb_section fb_built=\u00a0\u00bb1&Prime; _builder_version=\u00a0\u00bb4.24.1&Prime; _module_preset=\u00a0\u00bbdefault\u00a0\u00bb background_color=\u00a0\u00bb#f8f7f4&Prime; global_colors_info=\u00a0\u00bb{}\u00a0\u00bb][et_pb_row _builder_version=\u00a0\u00bb4.24.1&Prime; _module_preset=\u00a0\u00bbdefault\u00a0\u00bb global_colors_info=\u00a0\u00bb{}\u00a0\u00bb][et_pb_column type=\u00a0\u00bb4_4&Prime; _builder_version=\u00a0\u00bb4.24.1&Prime; _module_preset=\u00a0\u00bbdefault\u00a0\u00bb global_colors_info=\u00a0\u00bb{}\u00a0\u00bb][et_pb_text _builder_version=\u00a0\u00bb4.24.1&Prime; _module_preset=\u00a0\u00bbdefault\u00a0\u00bb text_letter_spacing=\u00a0\u00bb1px\u00a0\u00bb text_orientation=\u00a0\u00bbcenter\u00a0\u00bb global_colors_info=\u00a0\u00bb{}\u00a0\u00bb]<\/p>\n<p>MA.RE. Monofilament S.p.A. est certifi\u00e9 depuis 2005.<\/p>\n<p>[\/et_pb_text][\/et_pb_column][\/et_pb_row][et_pb_row _builder_version=\u00a0\u00bb4.24.1&Prime; _module_preset=\u00a0\u00bbdefault\u00a0\u00bb global_colors_info=\u00a0\u00bb{}\u00a0\u00bb][et_pb_column type=\u00a0\u00bb4_4&Prime; _builder_version=\u00a0\u00bb4.24.1&Prime; _module_preset=\u00a0\u00bbdefault\u00a0\u00bb global_colors_info=\u00a0\u00bb{}\u00a0\u00bb][et_pb_image src=\u00a0\u00bbhttp:\/\/primanota-demo.it\/wp-content\/uploads\/2024\/04\/EN-ISO-90012015.jpg\u00a0\u00bb title_text=\u00a0\u00bbEN ISO 90012015&Prime; show_in_lightbox=\u00a0\u00bbon\u00a0\u00bb align=\u00a0\u00bbcenter\u00a0\u00bb _builder_version=\u00a0\u00bb4.24.1&Prime; _module_preset=\u00a0\u00bbdefault\u00a0\u00bb global_colors_info=\u00a0\u00bb{}\u00a0\u00bb][\/et_pb_image][\/et_pb_column][\/et_pb_row][\/et_pb_section]<\/p>\n","protected":false},"excerpt":{"rendered":"<p>L&rsquo;effort constant pour am\u00e9liorer continuellement notre politique de gestion de la qualit\u00e9, nous a amen\u00e9 \u00e0 consid\u00e9rer la qualit\u00e9 totale comme notre objectif principal. MA.RE Monofilament S.p.A. a d\u00e9velopp\u00e9 son propre logiciel pour le contr\u00f4le de toutes les caract\u00e9ristiques techniques\/physiques\/chimiques des fils, tout au long de toutes les \u00e9tapes du processus de production. Temp\u00e9ratures, pressions, [&hellip;]<\/p>\n","protected":false},"author":1,"featured_media":0,"parent":0,"menu_order":0,"comment_status":"closed","ping_status":"closed","template":"","meta":{"_et_pb_use_builder":"on","_et_pb_old_content":"","_et_gb_content_width":"","footnotes":""},"class_list":["post-1463","page","type-page","status-publish","hentry"],"_links":{"self":[{"href":"https:\/\/marespa.it\/fr\/wp-json\/wp\/v2\/pages\/1463","targetHints":{"allow":["GET"]}}],"collection":[{"href":"https:\/\/marespa.it\/fr\/wp-json\/wp\/v2\/pages"}],"about":[{"href":"https:\/\/marespa.it\/fr\/wp-json\/wp\/v2\/types\/page"}],"author":[{"embeddable":true,"href":"https:\/\/marespa.it\/fr\/wp-json\/wp\/v2\/users\/1"}],"replies":[{"embeddable":true,"href":"https:\/\/marespa.it\/fr\/wp-json\/wp\/v2\/comments?post=1463"}],"version-history":[{"count":7,"href":"https:\/\/marespa.it\/fr\/wp-json\/wp\/v2\/pages\/1463\/revisions"}],"predecessor-version":[{"id":2215,"href":"https:\/\/marespa.it\/fr\/wp-json\/wp\/v2\/pages\/1463\/revisions\/2215"}],"wp:attachment":[{"href":"https:\/\/marespa.it\/fr\/wp-json\/wp\/v2\/media?parent=1463"}],"curies":[{"name":"wp","href":"https:\/\/api.w.org\/{rel}","templated":true}]}}