{"id":1470,"date":"2024-02-27T21:58:49","date_gmt":"2024-02-27T20:58:49","guid":{"rendered":"https:\/\/primanota-demo.it\/histoire\/"},"modified":"2024-07-26T10:42:40","modified_gmt":"2024-07-26T08:42:40","slug":"histoire","status":"publish","type":"page","link":"https:\/\/marespa.it\/fr\/histoire\/","title":{"rendered":"Histoire"},"content":{"rendered":"<p>[et_pb_section fb_built=\u00a0\u00bb1&Prime; disabled_on=\u00a0\u00bbon|off|off\u00a0\u00bb _builder_version=\u00a0\u00bb4.24.1&Prime; _module_preset=\u00a0\u00bbdefault\u00a0\u00bb background_enable_image=\u00a0\u00bboff\u00a0\u00bb background_video_mp4=\u00a0\u00bbhttps:\/\/marespa.it\/wp-content\/uploads\/2024\/04\/banne-hystory-mare.mp4&Prime; max_width_tablet=\u00a0\u00bb\u00a0\u00bb max_width_phone=\u00a0\u00bb\u00a0\u00bb max_width_last_edited=\u00a0\u00bbon|tablet\u00a0\u00bb module_alignment=\u00a0\u00bbcenter\u00a0\u00bb height=\u00a0\u00bb65vh\u00a0\u00bb custom_padding=\u00a0\u00bb||196px|||\u00a0\u00bb hover_enabled=\u00a0\u00bb0&Prime; background_last_edited=\u00a0\u00bbon|desktop\u00a0\u00bb background_video_width_phone=\u00a0\u00bb500&Prime; global_colors_info=\u00a0\u00bb{}\u00a0\u00bb title_text=\u00a0\u00bbbanne hystory mare\u00a0\u00bb sticky_enabled=\u00a0\u00bb0&Prime;][\/et_pb_section][et_pb_section fb_built=\u00a0\u00bb1&Prime; disabled_on=\u00a0\u00bboff|on|on\u00a0\u00bb _builder_version=\u00a0\u00bb4.24.1&Prime; _module_preset=\u00a0\u00bbdefault\u00a0\u00bb background_color=\u00a0\u00bb#005AAB\u00a0\u00bb global_colors_info=\u00a0\u00bb{}\u00a0\u00bb][et_pb_row _builder_version=\u00a0\u00bb4.24.1&Prime; _module_preset=\u00a0\u00bbdefault\u00a0\u00bb global_colors_info=\u00a0\u00bb{}\u00a0\u00bb][et_pb_column type=\u00a0\u00bb4_4&Prime; _builder_version=\u00a0\u00bb4.24.1&Prime; _module_preset=\u00a0\u00bbdefault\u00a0\u00bb global_colors_info=\u00a0\u00bb{}\u00a0\u00bb][et_pb_code disabled_on=\u00a0\u00bboff|on|on\u00a0\u00bb _builder_version=\u00a0\u00bb4.24.1&Prime; _module_preset=\u00a0\u00bbdefault\u00a0\u00bb text_orientation=\u00a0\u00bbcenter\u00a0\u00bb global_colors_info=\u00a0\u00bb{}\u00a0\u00bb]<video autoplay=\"autoplay\" loop=\"loop\" muted=\"\" defaultmuted=\"\" playsinline=\"\" oncontextmenu=\"return false;\" preload=\"auto\" id=\"myVideo\"><!-- [et_pb_line_break_holder] --><source src=\"http:\/\/primanota-demo.it\/wp-content\/uploads\/2024\/04\/mare-hystory-mobile1.mp4\" type=\"video\/mp4\"><!-- [et_pb_line_break_holder] -->        <\/source><\/video>[\/et_pb_code][\/et_pb_column][\/et_pb_row][\/et_pb_section][et_pb_section fb_built=\u00a0\u00bb1&Prime; _builder_version=\u00a0\u00bb4.24.1&Prime; _module_preset=\u00a0\u00bbdefault\u00a0\u00bb background_image=\u00a0\u00bbhttp:\/\/primanota-demo.it\/wp-content\/uploads\/2024\/04\/8.png\u00a0\u00bb parallax=\u00a0\u00bbon\u00a0\u00bb parallax_method=\u00a0\u00bboff\u00a0\u00bb filter_opacity=\u00a0\u00bb90%\u00a0\u00bb global_colors_info=\u00a0\u00bb{}\u00a0\u00bb][et_pb_row _builder_version=\u00a0\u00bb4.24.1&Prime; _module_preset=\u00a0\u00bbdefault\u00a0\u00bb global_colors_info=\u00a0\u00bb{}\u00a0\u00bb][et_pb_column type=\u00a0\u00bb4_4&Prime; _builder_version=\u00a0\u00bb4.24.1&Prime; _module_preset=\u00a0\u00bbdefault\u00a0\u00bb global_colors_info=\u00a0\u00bb{}\u00a0\u00bb][et_pb_text _builder_version=\u00a0\u00bb4.24.1&Prime; _module_preset=\u00a0\u00bbdefault\u00a0\u00bb text_font=\u00a0\u00bbMontserrat|700|||||||\u00a0\u00bb background_color=\u00a0\u00bb#f8f7f4&Prime; text_orientation=\u00a0\u00bbcenter\u00a0\u00bb custom_padding=\u00a0\u00bb20px|20px|20px|20px|true|true\u00a0\u00bb border_radii=\u00a0\u00bbon|44px|44px|44px|44px\u00a0\u00bb global_colors_info=\u00a0\u00bb{}\u00a0\u00bb]<\/p>\n<p>Depuis plus de 187 ans MA.RE. spa \u0153uvre au nom de l&rsquo;excellence et de l&rsquo;innovation pour offrir \u00e0 ses clients un produit performant et innovant<\/p>\n<p>[\/et_pb_text][\/et_pb_column][\/et_pb_row][et_pb_row _builder_version=\u00a0\u00bb4.24.1&Prime; _module_preset=\u00a0\u00bbdefault\u00a0\u00bb global_colors_info=\u00a0\u00bb{}\u00a0\u00bb][et_pb_column type=\u00a0\u00bb4_4&Prime; _builder_version=\u00a0\u00bb4.24.1&Prime; _module_preset=\u00a0\u00bbdefault\u00a0\u00bb global_colors_info=\u00a0\u00bb{}\u00a0\u00bb][dipl_timeline select_timeline_layout=\u00a0\u00bbdipl_date_tree\u00a0\u00bb global_timeline_icon_color=\u00a0\u00bb#005AAB\u00a0\u00bb timeline_bar_size=\u00a0\u00bb3px\u00a0\u00bb timeline_bar_color=\u00a0\u00bb#D8EBFF\u00a0\u00bb timeline_bar_fill_color=\u00a0\u00bb#005AAB\u00a0\u00bb timeline_bar_shape_color=\u00a0\u00bb#D8EBFF\u00a0\u00bb timeline_bar_shape_fill_color=\u00a0\u00bb#005AAB\u00a0\u00bb timeline_bar_shape_border_color=\u00a0\u00bb#D8EBFF\u00a0\u00bb timeline_bar_shape_border_fill_color=\u00a0\u00bb#005AAB\u00a0\u00bb global_timeline_background_enable_image=\u00a0\u00bboff\u00a0\u00bb _builder_version=\u00a0\u00bb4.24.1&Prime; _module_preset=\u00a0\u00bbdefault\u00a0\u00bb global_timeline_header_text_color=\u00a0\u00bb#005AAB\u00a0\u00bb global_timeline_text_font=\u00a0\u00bbMontserrat||||||||\u00a0\u00bb global_timeline_text_text_color=\u00a0\u00bb#005AAB\u00a0\u00bb global_timeline_date_text_color=\u00a0\u00bb#FFFFFF\u00a0\u00bb animation_style=\u00a0\u00bbfade\u00a0\u00bb border_radii=\u00a0\u00bbon|26px|26px|26px|26px\u00a0\u00bb global_colors_info=\u00a0\u00bb{}\u00a0\u00bb][dipl_timeline_item display_time=\u00a0\u00bbon\u00a0\u00bb timeline_custom_time=\u00a0\u00bb1837&Prime; use_timeline_icon=\u00a0\u00bbon\u00a0\u00bb select_timeline_icon=\u00a0\u00bb\uf275||fa||900&Prime; _builder_version=\u00a0\u00bb4.24.1&Prime; _module_preset=\u00a0\u00bbdefault\u00a0\u00bb global_timeline_header_font=\u00a0\u00bbMontserrat|700||on|||||\u00a0\u00bb global_timeline_header_text_color=\u00a0\u00bb#005AAB\u00a0\u00bb global_colors_info=\u00a0\u00bb{}\u00a0\u00bb]<\/p>\n<h2>LA FONDATION<\/h2>\n<p>C&rsquo;est notre ann\u00e9e historique, celle o\u00f9 tout a commenc\u00e9.<br \/>Les deux fr\u00e8res Virgilio, Evangelista et leur s\u0153ur Chiara ont fond\u00e9 l&rsquo;entreprise \u00ab\u00a0Ziliani Virgilio et Fr\u00e8res\u00a0\u00bb en tant que fabrique de filets de p\u00eache.<\/p>\n<p>[\/dipl_timeline_item][dipl_timeline_item display_time=\u00a0\u00bbon\u00a0\u00bb timeline_custom_time=\u00a0\u00bb1892&Prime; use_timeline_icon=\u00a0\u00bbon\u00a0\u00bb select_timeline_icon=\u00a0\u00bb\ue08a||divi||400&Prime; _builder_version=\u00a0\u00bb4.24.1&Prime; _module_preset=\u00a0\u00bbdefault\u00a0\u00bb global_timeline_header_font=\u00a0\u00bbMontserrat|700||on|||||\u00a0\u00bb global_timeline_header_text_color=\u00a0\u00bb#005AAB\u00a0\u00bb global_colors_info=\u00a0\u00bb{}\u00a0\u00bb]<\/p>\n<p><span>  \u00c0 la mort d&rsquo;Evangelista Ziliani, l&rsquo;entreprise est reprise par son fils Gian Battista.<\/span><\/p>\n<p>[\/dipl_timeline_item][dipl_timeline_item display_time=\u00a0\u00bbon\u00a0\u00bb timeline_custom_time=\u00a0\u00bb1927&Prime; use_timeline_icon=\u00a0\u00bbon\u00a0\u00bb select_timeline_icon=\u00a0\u00bb\uf0c0||fa||900&Prime; _builder_version=\u00a0\u00bb4.24.1&Prime; _module_preset=\u00a0\u00bbdefault\u00a0\u00bb global_timeline_header_font=\u00a0\u00bbMontserrat|700||on|||||\u00a0\u00bb global_timeline_header_text_color=\u00a0\u00bb#005AAB\u00a0\u00bb global_colors_info=\u00a0\u00bb{}\u00a0\u00bb]<\/p>\n<h2>DE L&rsquo;ARTISANAT \u00c0 L&rsquo;ACTIVIT\u00c9 INDUSTRIELLE<\/h2>\n<p>C&rsquo;est une ann\u00e9e importante pour notre entreprise. Les fils de Gian Battista, Italo et Mario, commencent la construction d&rsquo;une nouvelle usine \u00e0 Sulzano (Brescia) sous le nom de : \u00ab\u00a0Retificio Evangelista Ziliani\u00a0\u00bb.<\/p>\n<p>[\/dipl_timeline_item][dipl_timeline_item display_time=\u00a0\u00bbon\u00a0\u00bb timeline_custom_time=\u00a0\u00bb1948&Prime; use_timeline_icon=\u00a0\u00bbon\u00a0\u00bb select_timeline_icon=\u00a0\u00bb\ue068||fa||900&Prime; _builder_version=\u00a0\u00bb4.24.1&Prime; _module_preset=\u00a0\u00bbdefault\u00a0\u00bb global_timeline_header_font=\u00a0\u00bbMontserrat|700||on|||||\u00a0\u00bb global_timeline_header_text_color=\u00a0\u00bb#005AAB\u00a0\u00bb global_colors_info=\u00a0\u00bb{}\u00a0\u00bb]<\/p>\n<p>Ziliani Mario s&rsquo;est retir\u00e9 de la soci\u00e9t\u00e9 et a \u00e9t\u00e9 remplac\u00e9 par Italo Ziliani et son \u00e9pouse Maria Maddalena Cavalieri.<\/p>\n<p>[\/dipl_timeline_item][dipl_timeline_item display_time=\u00a0\u00bbon\u00a0\u00bb timeline_custom_time=\u00a0\u00bb1960&Prime; _builder_version=\u00a0\u00bb4.24.1&Prime; _module_preset=\u00a0\u00bbdefault\u00a0\u00bb global_timeline_header_font=\u00a0\u00bbMontserrat|700||on|||||\u00a0\u00bb global_timeline_header_text_color=\u00a0\u00bb#005AAB\u00a0\u00bb global_colors_info=\u00a0\u00bb{}\u00a0\u00bb]<\/p>\n<h2>LES PREMI\u00c8RES MACHINES \u00c0 TORDRE ONT \u00c9T\u00c9 INTRODUITES<\/h2>\n<p>Les filets de p\u00eache, auparavant fabriqu\u00e9s \u00e0 partir de fils de coton, doivent d\u00e9sormais \u00eatre fabriqu\u00e9s avec du polyamide multifilament.<\/p>\n<p>[\/dipl_timeline_item][dipl_timeline_item display_time=\u00a0\u00bbon\u00a0\u00bb timeline_custom_time=\u00a0\u00bb1961&Prime; use_timeline_icon=\u00a0\u00bbon\u00a0\u00bb select_timeline_icon=\u00a0\u00bb\uf4fc||fa||900&Prime; _builder_version=\u00a0\u00bb4.24.1&Prime; _module_preset=\u00a0\u00bbdefault\u00a0\u00bb global_timeline_header_font=\u00a0\u00bbMontserrat|700||on|||||\u00a0\u00bb global_timeline_header_text_color=\u00a0\u00bb#005AAB\u00a0\u00bb global_colors_info=\u00a0\u00bb{}\u00a0\u00bb]<\/p>\n<p>Evangelista Ziliani entre dans l&rsquo;entreprise avec son p\u00e8re Italo et sa m\u00e8re Maria Maddalena Cavalieri.<\/p>\n<p>[\/dipl_timeline_item][dipl_timeline_item display_time=\u00a0\u00bbon\u00a0\u00bb timeline_custom_time=\u00a0\u00bb1966&Prime; use_timeline_icon=\u00a0\u00bbon\u00a0\u00bb select_timeline_icon=\u00a0\u00bb\uf275||fa||900&Prime; _builder_version=\u00a0\u00bb4.24.1&Prime; _module_preset=\u00a0\u00bbdefault\u00a0\u00bb global_timeline_header_font=\u00a0\u00bbMontserrat|700||on|||||\u00a0\u00bb global_timeline_header_text_color=\u00a0\u00bb#005AAB\u00a0\u00bb global_colors_info=\u00a0\u00bb{}\u00a0\u00bb]<\/p>\n<p>Un nouveau b\u00e2timent est construit pr\u00e8s de l&rsquo;ancien \u00ab\u00a0Retificio Ziliani\u00a0\u00bb et le nom de la soci\u00e9t\u00e9 devient<br \/>MA.RE.CO (MA=Manifattura pour la fabrication ; RE=Reti pour les filets ; CO=Corde pour les cordages).<\/p>\n<p>[\/dipl_timeline_item][dipl_timeline_item display_time=\u00a0\u00bbon\u00a0\u00bb timeline_custom_time=\u00a0\u00bb1971&Prime; use_timeline_icon=\u00a0\u00bbon\u00a0\u00bb select_timeline_icon=\u00a0\u00bb\uf4fc||fa||900&Prime; _builder_version=\u00a0\u00bb4.24.1&Prime; _module_preset=\u00a0\u00bbdefault\u00a0\u00bb global_timeline_header_font=\u00a0\u00bbMontserrat|700||on|||||\u00a0\u00bb global_timeline_header_text_color=\u00a0\u00bb#005AAB\u00a0\u00bb global_colors_info=\u00a0\u00bb{}\u00a0\u00bb]<\/p>\n<p>Gian Battista Ziliani entre dans l&rsquo;entreprise avec son fr\u00e8re Evangelista et sa m\u00e8re Maria Maddalena Cavalieri.<\/p>\n<p>[\/dipl_timeline_item][dipl_timeline_item display_time=\u00a0\u00bbon\u00a0\u00bb timeline_custom_time=\u00a0\u00bb1975&Prime; use_timeline_icon=\u00a0\u00bbon\u00a0\u00bb select_timeline_icon=\u00a0\u00bb\uf835||fa||400&Prime; _builder_version=\u00a0\u00bb4.24.1&Prime; _module_preset=\u00a0\u00bbdefault\u00a0\u00bb global_timeline_header_font=\u00a0\u00bbMontserrat|700||on|||||\u00a0\u00bb global_timeline_header_text_color=\u00a0\u00bb#005AAB\u00a0\u00bb global_colors_info=\u00a0\u00bb{}\u00a0\u00bb]<\/p>\n<p>Les entreprises \u00ab\u00a0Retificio Ziliani\u00a0\u00bb et MA.RE.CO d\u00e9m\u00e9nagent dans un autre village, de Sulzano \u00e0 Iseo, dans une nouvelle usine, sur une surface 20 fois plus grande<br \/>Le nom de l&rsquo;entreprise devient MA.RE. (Manifattura pour la fabrication ; RE=Reti pour les filets)<\/p>\n<p>[\/dipl_timeline_item][dipl_timeline_item display_time=\u00a0\u00bbon\u00a0\u00bb timeline_custom_time=\u00a0\u00bb1977&Prime; _builder_version=\u00a0\u00bb4.24.1&Prime; _module_preset=\u00a0\u00bbdefault\u00a0\u00bb global_timeline_header_font=\u00a0\u00bbMontserrat|700||on|||||\u00a0\u00bb global_timeline_header_text_color=\u00a0\u00bb#005AAB\u00a0\u00bb global_colors_info=\u00a0\u00bb{}\u00a0\u00bb]<\/p>\n<h2>POLYESTER MULTIFILAMENT<\/h2>\n<p>Nouveau produit : Multifilament de polyester pour fils \u00e0 coudre<\/p>\n<p>[\/dipl_timeline_item][dipl_timeline_item display_time=\u00a0\u00bbon\u00a0\u00bb timeline_custom_time=\u00a0\u00bb1985&Prime; _builder_version=\u00a0\u00bb4.24.1&Prime; _module_preset=\u00a0\u00bbdefault\u00a0\u00bb global_timeline_header_font=\u00a0\u00bbMontserrat|700||on|||||\u00a0\u00bb global_timeline_header_text_color=\u00a0\u00bb#005AAB\u00a0\u00bb global_colors_info=\u00a0\u00bb{}\u00a0\u00bb]<\/p>\n<h2>IL N&rsquo;Y A PLUS DE CORDES<\/h2>\n<p>[\/dipl_timeline_item][dipl_timeline_item display_time=\u00a0\u00bbon\u00a0\u00bb timeline_custom_time=\u00a0\u00bb1990&Prime; _builder_version=\u00a0\u00bb4.24.1&Prime; _module_preset=\u00a0\u00bbdefault\u00a0\u00bb global_timeline_header_font=\u00a0\u00bbMontserrat|700||on|||||\u00a0\u00bb global_timeline_header_text_color=\u00a0\u00bb#005AAB\u00a0\u00bb global_colors_info=\u00a0\u00bb{}\u00a0\u00bb]<\/p>\n<h2>LA PREMI\u00c8RE MACHINE D&rsquo;EXTRUSION A \u00c9T\u00c9 INSTALL\u00c9E<\/h2>\n<p>Nous avons commenc\u00e9 \u00e0 produire des monofilaments de polyamide et de polyester pour diverses applications industrielles.<\/p>\n<p>[\/dipl_timeline_item][dipl_timeline_item display_time=\u00a0\u00bbon\u00a0\u00bb timeline_custom_time=\u00a0\u00bb1992&Prime; _builder_version=\u00a0\u00bb4.24.1&Prime; _module_preset=\u00a0\u00bbdefault\u00a0\u00bb global_timeline_header_font=\u00a0\u00bbMontserrat|700||on|||||\u00a0\u00bb global_timeline_header_text_color=\u00a0\u00bb#005AAB\u00a0\u00bb global_colors_info=\u00a0\u00bb{}\u00a0\u00bb]<\/p>\n<h3>MA.RE. est entr\u00e9 dans le monde du PMC (Paper Machine Clothing)<\/h3>\n<p>Il s&rsquo;agit de la troisi\u00e8me \u00e9tape importante de nos changements, avec la production de monofilaments pour les feutres destin\u00e9s aux papeteries.<\/p>\n<p>[\/dipl_timeline_item][dipl_timeline_item display_time=\u00a0\u00bbon\u00a0\u00bb timeline_custom_time=\u00a0\u00bb2001&Prime; _builder_version=\u00a0\u00bb4.24.1&Prime; _module_preset=\u00a0\u00bbdefault\u00a0\u00bb global_timeline_header_font=\u00a0\u00bbMontserrat|700||on|||||\u00a0\u00bb global_timeline_header_text_color=\u00a0\u00bb#005AAB\u00a0\u00bb global_colors_info=\u00a0\u00bb{}\u00a0\u00bb]<\/p>\n<h2>POLYAMIDE TORSAD\u00c9<\/h2>\n<p>Monofilament torsad\u00e9 en polyamide ajout\u00e9 \u00e0 notre gamme de produits.<\/p>\n<p>Italo ZILIANI, fils d&rsquo;Evangelista, a commenc\u00e9 \u00e0 travailler avec son p\u00e8re dans le d\u00e9partement des ventes.<br \/>Nous avons d\u00e9velopp\u00e9 de nouveaux produits pour :<br \/>&#8211; Automobile &#8211; Feutres de tannerie &#8211; Fibres de ciment &#8211; Courroies de transport.<\/p>\n<p>[\/dipl_timeline_item][dipl_timeline_item display_time=\u00a0\u00bbon\u00a0\u00bb timeline_custom_time=\u00a0\u00bb2005&Prime; use_timeline_icon=\u00a0\u00bbon\u00a0\u00bb select_timeline_icon=\u00a0\u00bb\uf0b0||fa||900&Prime; _builder_version=\u00a0\u00bb4.24.1&Prime; _module_preset=\u00a0\u00bbdefault\u00a0\u00bb global_timeline_header_font=\u00a0\u00bbMontserrat|700||on|||||\u00a0\u00bb global_timeline_header_text_color=\u00a0\u00bb#005AAB\u00a0\u00bb global_colors_info=\u00a0\u00bb{}\u00a0\u00bb]<\/p>\n<p>Mario ZILIANI, fils de Gian Battista, a commenc\u00e9 \u00e0 travailler avec son p\u00e8re dans le d\u00e9partement technique.<br \/>Nous avons d\u00e9velopp\u00e9 de nouveaux produits pour : la filtration et d&rsquo;autres applications sp\u00e9ciales.<\/p>\n<p>[\/dipl_timeline_item][dipl_timeline_item display_time=\u00a0\u00bbon\u00a0\u00bb timeline_custom_time=\u00a0\u00bb2009&Prime; _builder_version=\u00a0\u00bb4.24.1&Prime; _module_preset=\u00a0\u00bbdefault\u00a0\u00bb global_timeline_header_font=\u00a0\u00bbMontserrat|700||on|||||\u00a0\u00bb global_timeline_header_text_color=\u00a0\u00bb#005AAB\u00a0\u00bb global_colors_info=\u00a0\u00bb{}\u00a0\u00bb]<\/p>\n<h2>MA.RE. avait #6 LIGNES D&rsquo;EXTRUSION<\/h2>\n<p>Nous avons continu\u00e9 \u00e0 investir dans de nouveaux projets et \u00e9quipements de laboratoire. Le nombre d&#8217;employ\u00e9s a \u00e9t\u00e9 augment\u00e9 dans les d\u00e9partements de production, technique et de recherche et d\u00e9veloppement.<\/p>\n<p>[\/dipl_timeline_item][dipl_timeline_item display_time=\u00a0\u00bbon\u00a0\u00bb timeline_custom_time=\u00a0\u00bb2010&Prime; _builder_version=\u00a0\u00bb4.24.1&Prime; _module_preset=\u00a0\u00bbdefault\u00a0\u00bb global_timeline_header_font=\u00a0\u00bbMontserrat|700||on|||||\u00a0\u00bb global_timeline_header_text_color=\u00a0\u00bb#005AAB\u00a0\u00bb global_colors_info=\u00a0\u00bb{}\u00a0\u00bb]<\/p>\n<h3>Notre production de torsions de monofilaments a \u00e9t\u00e9 \u00e9largie<\/h3>\n<p>Une campagne de modernisation de toutes les machines de retordage a \u00e9t\u00e9 men\u00e9e, de nouveaux moteurs avec des onduleurs \u00e0 faible consommation d&rsquo;\u00e9nergie ont \u00e9t\u00e9 utilis\u00e9s, afin de travailler avec une capacit\u00e9 accrue pour satisfaire les demandes croissantes de PMC press twisted mono en cha\u00eene et en trame.<\/p>\n<p>[\/dipl_timeline_item][dipl_timeline_item display_time=\u00a0\u00bbon\u00a0\u00bb timeline_custom_time=\u00a0\u00bb2017&Prime; use_timeline_icon=\u00a0\u00bbon\u00a0\u00bb select_timeline_icon=\u00a0\u00bb\uf494||fa||900&Prime; _builder_version=\u00a0\u00bb4.24.1&Prime; _module_preset=\u00a0\u00bbdefault\u00a0\u00bb global_timeline_header_font=\u00a0\u00bbMontserrat|700||on|||||\u00a0\u00bb global_timeline_header_text_color=\u00a0\u00bb#005AAB\u00a0\u00bb global_colors_info=\u00a0\u00bb{}\u00a0\u00bb]<\/p>\n<p>Ligne d&rsquo;extrusion n\u00b010 et agrandissement de l&rsquo;entrep\u00f4t de mati\u00e8res premi\u00e8res<\/p>\n<p>[\/dipl_timeline_item][dipl_timeline_item display_time=\u00a0\u00bbon\u00a0\u00bb timeline_custom_time=\u00a0\u00bb2018&Prime; use_timeline_icon=\u00a0\u00bbon\u00a0\u00bb select_timeline_icon=\u00a0\u00bb\uf0b0||fa||900&Prime; _builder_version=\u00a0\u00bb4.24.1&Prime; _module_preset=\u00a0\u00bbdefault\u00a0\u00bb global_timeline_header_font=\u00a0\u00bbMontserrat|700||on|||||\u00a0\u00bb global_timeline_header_text_color=\u00a0\u00bb#005AAB\u00a0\u00bb global_colors_info=\u00a0\u00bb{}\u00a0\u00bb]<\/p>\n<p>Ligne d&rsquo;extrusion n\u00b011 et poursuite de la croissance dans le domaine de la filtration<\/p>\n<p>[\/dipl_timeline_item][dipl_timeline_item display_time=\u00a0\u00bbon\u00a0\u00bb timeline_custom_time=\u00a0\u00bb2020&Prime; use_timeline_icon=\u00a0\u00bbon\u00a0\u00bb select_timeline_icon=\u00a0\u00bb\uf275||fa||900&Prime; _builder_version=\u00a0\u00bb4.24.1&Prime; _module_preset=\u00a0\u00bbdefault\u00a0\u00bb global_timeline_header_font=\u00a0\u00bbMontserrat|700||on|||||\u00a0\u00bb global_timeline_header_text_color=\u00a0\u00bb#005AAB\u00a0\u00bb global_colors_info=\u00a0\u00bb{}\u00a0\u00bb]<\/p>\n<p>Ligne d&rsquo;extrusion n\u00b012 et agrandissement du d\u00e9p\u00f4t d&#8217;emballage<\/p>\n<p>[\/dipl_timeline_item][dipl_timeline_item display_time=\u00a0\u00bbon\u00a0\u00bb timeline_custom_time=\u00a0\u00bb2021-2022&Prime; _builder_version=\u00a0\u00bb4.24.1&Prime; _module_preset=\u00a0\u00bbdefault\u00a0\u00bb global_timeline_header_font=\u00a0\u00bbMontserrat|700||on|||||\u00a0\u00bb global_timeline_header_text_color=\u00a0\u00bb#005AAB\u00a0\u00bb global_colors_info=\u00a0\u00bb{}\u00a0\u00bb]<\/p>\n<h2>LES ENREGISTREMENTS DES QUANTIT\u00c9S PRODUITES<\/h2>\n<p>Ces ann\u00e9es resteront marqu\u00e9es par la pand\u00e9mie mondiale de COVID-19 et, n\u00e9anmoins, MA.RE. En travaillant \u00e0 pleine capacit\u00e9 et en contre-tendance par rapport \u00e0 nos autres concurrents, nous avons pu livrer \u00e0 temps toutes les commandes de nos clients.<br \/>C&rsquo;\u00e9tait la cl\u00e9 pour cro\u00eetre dans le domaine de la PRESSE PMC et passer aux FEUILLES DE S\u00c9CHAGE.<br \/>Une nouvelle coop\u00e9ration dans le domaine des TISSUS DE FORMAGE PMC a commenc\u00e9, avec quelques acteurs importants sur ce march\u00e9.<\/p>\n<p>[\/dipl_timeline_item][dipl_timeline_item display_time=\u00a0\u00bbon\u00a0\u00bb timeline_custom_time=\u00a0\u00bb2024&Prime; use_timeline_icon=\u00a0\u00bbon\u00a0\u00bb select_timeline_icon=\u00a0\u00bb\uf64f||fa||900&Prime; _builder_version=\u00a0\u00bb4.24.1&Prime; _module_preset=\u00a0\u00bbdefault\u00a0\u00bb global_timeline_header_font=\u00a0\u00bbMontserrat|700||on|||||\u00a0\u00bb global_timeline_header_text_color=\u00a0\u00bb#005AAB\u00a0\u00bb global_colors_info=\u00a0\u00bb{}\u00a0\u00bb]<\/p>\n<p>&#8211; Nouveau b\u00e2timent pour le stockage des polym\u00e8res<br \/>&#8211; Nouveau centre logistique pour les mat\u00e9riaux entrants<br \/>&#8211; Augmentation de la presse et du s\u00e9choir Pmc et des monofilaments de formage vendus \u00e0 tous les principaux acteurs du march\u00e9 <\/p>\n<p> &#8211; Monofilaments de filtration : Un march\u00e9 difficile mais notre R&amp;D a r\u00e9ussi \u00e0 d\u00e9velopper des fils super<br \/>fins<br \/>&#8211; Monofilaments pour l&rsquo;automobile : Principalement pour les voitures et les trains \u00e9lectriques<br \/>&#8211; \u00aeStandard Pa 6 &#8211; Pa 6.6 et Pet Mono Produit jusqu&rsquo;\u00e0 100% de polym\u00e8re recycl\u00e9<\/p>\n<p>[\/dipl_timeline_item][dipl_timeline_item display_time=\u00a0\u00bbon\u00a0\u00bb timeline_custom_time=\u00a0\u00bb2025-2028&Prime; use_timeline_icon=\u00a0\u00bbon\u00a0\u00bb select_timeline_icon=\u00a0\u00bb\uf1b8||fa||900&Prime; _builder_version=\u00a0\u00bb4.24.1&Prime; _module_preset=\u00a0\u00bbdefault\u00a0\u00bb global_timeline_header_font=\u00a0\u00bbMontserrat|700||on|||||\u00a0\u00bb global_timeline_header_text_color=\u00a0\u00bb#005AAB\u00a0\u00bb global_colors_info=\u00a0\u00bb{}\u00a0\u00bb]<\/p>\n<h2>REGARDER VERS L&rsquo;AVENIR<\/h2>\n<p>&#8211; R\u00e9duction des \u00e9missions de CO2 et analyse du CARBON FOOT PRINT<br \/>&#8211; \u00aeRecycling our products : recycling our monofilaments to produce new ones.<br \/>&#8211; \u00aeRecyclinG products nos clients : recyclage de feutres et de tissus pour en faire de nouveaux mono<br \/>&#8211; \u00aeRecyclinG MONOFILAMENTS : notre objectif principal est la croissance du PA 6 &#8211; PA 6.6 et du PET<br \/>mono recycl\u00e9 selon PA 6.10 &#8211; PA 12 et mono recycl\u00e9 r\u00e9sistant \u00e0 l&rsquo;hydrolyse du PET<br \/>&#8211; Installation de panneaux solaires<br \/>&#8211; R\u00e9duction de la consommation d&rsquo;eau dans le processus<br \/>&#8211; la d\u00e9carbonisation de nos moyens de transport (chariots \u00e9l\u00e9vateurs, voitures commerciales, camions de livraison&#8230;)<br \/>&#8211; D\u00e9veloppement du MONO li\u00e9 \u00e0 l&rsquo;AUTOMOTIVE 100% ELECTRIQUE<br \/>&#8211; Continuer \u00e0 d\u00e9velopper nos lignes de production, en mettant l&rsquo;accent sur la flexibilit\u00e9, la ponctualit\u00e9 des livraisons et les services apr\u00e8s-vente.<\/p>\n<p>[\/dipl_timeline_item][\/dipl_timeline][\/et_pb_column][\/et_pb_row][\/et_pb_section]<\/p>\n","protected":false},"excerpt":{"rendered":"<p>Depuis plus de 187 ans MA.RE. spa \u0153uvre au nom de l&rsquo;excellence et de l&rsquo;innovation pour offrir \u00e0 ses clients un produit performant et innovant<div class=\"et_pb_module dipl_timeline dipl_timeline_0 et_animated\">\n\t\t\t\t\n\t\t\t\t\n\t\t\t\t\n\t\t\t\t\n\t\t\t\t\n\t\t\t\t\n\t\t\t\t<div class=\"et_pb_module_inner\">\n\t\t\t\t\t<div class=\"dipl_timeline_alternate\"><div class=\"dipl_timeline_wrapper\">\n                            \n                        <\/div><div class=\"dipl_timeline_alternate_stem dipl_date_tree_stem\"><div class=\"dipl_stem_wrapper\"><div class=\"dipl_stem\"><\/div><\/div><\/div><\/div>\n\t\t\t\t<\/div>\n\t\t\t<\/div><div class=\"et_pb_module dipl_timeline_item dipl_timeline_item_0\">\n\t\t\t\t<div class=\"dipl_date_tree dipl_timeline_item_wrapper\">       \n                                <div class=\"dipl_stem_center\"><div class=\"dipl_time_wrapper\"><div class=\"dipl_item_time\">1837<\/div><\/div><\/div>\n                                <div class=\"dipl_item_content\">\n                                \t<div class=\"dipl_item_content_inner\">\n\t                                    <div class=\"dipl_icon_wrapper\"><span class=\"dipl_item_icon et-pb-icon\">\uf275<\/span><\/div>\n\t                                    <h3 class=\"dipl_item_title\"><\/h3>\n\t                                    \n\t                                    <span class=\"dipl_triangle\"><\/span>\n\t                                <\/div>\n                                <\/div>\n                                <div class=\"dipl_date_container\"><\/div>\n                            <\/div>\n\t\t\t<\/div>LA FONDATION C&rsquo;est [&hellip;]<\/p>\n","protected":false},"author":1,"featured_media":0,"parent":0,"menu_order":0,"comment_status":"closed","ping_status":"closed","template":"","meta":{"_et_pb_use_builder":"on","_et_pb_old_content":"","_et_gb_content_width":"","footnotes":""},"class_list":["post-1470","page","type-page","status-publish","hentry"],"_links":{"self":[{"href":"https:\/\/marespa.it\/fr\/wp-json\/wp\/v2\/pages\/1470","targetHints":{"allow":["GET"]}}],"collection":[{"href":"https:\/\/marespa.it\/fr\/wp-json\/wp\/v2\/pages"}],"about":[{"href":"https:\/\/marespa.it\/fr\/wp-json\/wp\/v2\/types\/page"}],"author":[{"embeddable":true,"href":"https:\/\/marespa.it\/fr\/wp-json\/wp\/v2\/users\/1"}],"replies":[{"embeddable":true,"href":"https:\/\/marespa.it\/fr\/wp-json\/wp\/v2\/comments?post=1470"}],"version-history":[{"count":32,"href":"https:\/\/marespa.it\/fr\/wp-json\/wp\/v2\/pages\/1470\/revisions"}],"predecessor-version":[{"id":2187,"href":"https:\/\/marespa.it\/fr\/wp-json\/wp\/v2\/pages\/1470\/revisions\/2187"}],"wp:attachment":[{"href":"https:\/\/marespa.it\/fr\/wp-json\/wp\/v2\/media?parent=1470"}],"curies":[{"name":"wp","href":"https:\/\/api.w.org\/{rel}","templated":true}]}}