{"id":1266,"date":"2024-02-27T22:36:28","date_gmt":"2024-02-27T21:36:28","guid":{"rendered":"https:\/\/primanota-demo.it\/qualidade\/"},"modified":"2024-07-26T10:58:38","modified_gmt":"2024-07-26T08:58:38","slug":"qualidade","status":"publish","type":"page","link":"https:\/\/marespa.it\/pt-pt\/qualidade\/","title":{"rendered":"Qualidade"},"content":{"rendered":"<p>[et_pb_section fb_built=&#8221;1&#8243; _builder_version=&#8221;4.24.1&#8243; _module_preset=&#8221;default&#8221; background_image=&#8221;https:\/\/marespa.it\/wp-content\/uploads\/2024\/04\/PHOTO-2024-04-03-11-09-10-2-1.jpg&#8221; height=&#8221;25vh&#8221; hover_enabled=&#8221;0&#8243; background_last_edited=&#8221;on|desktop&#8221; global_colors_info=&#8221;{}&#8221; title_text=&#8221;PHOTO-2024-04-03-11-09-10 2&#8243; sticky_enabled=&#8221;0&#8243;][\/et_pb_section][et_pb_section fb_built=&#8221;1&#8243; _builder_version=&#8221;4.24.1&#8243; _module_preset=&#8221;default&#8221; background_color=&#8221;#f8f7f4&#8243; bottom_divider_color=&#8221;#005AAB&#8221; bottom_divider_height=&#8221;34px&#8221; bottom_divider_repeat=&#8221;1x&#8221; global_colors_info=&#8221;{}&#8221;][et_pb_row _builder_version=&#8221;4.24.1&#8243; _module_preset=&#8221;default&#8221; global_colors_info=&#8221;{}&#8221;][et_pb_column type=&#8221;4_4&#8243; _builder_version=&#8221;4.24.1&#8243; _module_preset=&#8221;default&#8221; global_colors_info=&#8221;{}&#8221;][et_pb_text _builder_version=&#8221;4.24.1&#8243; _module_preset=&#8221;default&#8221; text_letter_spacing=&#8221;1px&#8221; global_colors_info=&#8221;{}&#8221;]<\/p>\n<p>O esfor\u00e7o constante na melhoria cont\u00ednua da nossa pol\u00edtica de gest\u00e3o da qualidade, fez com que consider\u00e1ssemos a qualidade total o nosso principal objectivo.<\/p>\n<p>MA.RE Monofilament SpA desenvolveu um software pr\u00f3prio para o controle de todas as caracter\u00edsticas t\u00e9cnicas\/f\u00edsicas\/qu\u00edmicas dos fios, ao longo de todas as etapas do processo de produ\u00e7\u00e3o.<\/p>\n<p>Temperaturas, press\u00e3o, relat\u00f3rios de estiramento, medi\u00e7\u00e3o dos di\u00e2metros, caracter\u00edsticas t\u00e9cnicas de todos os monofilamentos s\u00e3o controlados, monitorados e registrados durante 10 anos.<\/p>\n<p>[\/et_pb_text][\/et_pb_column][\/et_pb_row][\/et_pb_section][et_pb_section fb_built=&#8221;1&#8243; fullwidth=&#8221;on&#8221; _builder_version=&#8221;4.24.1&#8243; _module_preset=&#8221;default&#8221; background_image=&#8221;https:\/\/marespa.it\/wp-content\/uploads\/2024\/04\/PHOTO-2024-04-03-11-09-10.jpg&#8221; parallax=&#8221;on&#8221; parallax_method=&#8221;off&#8221; custom_padding=&#8221;||410px|||&#8221; top_divider_color=&#8221;#FFFFFF&#8221; top_divider_height=&#8221;47px&#8221; top_divider_flip=&#8221;vertical&#8221; hover_enabled=&#8221;0&#8243; global_colors_info=&#8221;{}&#8221; title_text=&#8221;PHOTO-2024-04-03-11-09-10&#8243; sticky_enabled=&#8221;0&#8243;][\/et_pb_section][et_pb_section fb_built=&#8221;1&#8243; _builder_version=&#8221;4.24.1&#8243; _module_preset=&#8221;default&#8221; background_color=&#8221;#005AAB&#8221; background_enable_image=&#8221;off&#8221; custom_padding=&#8221;||139px|||&#8221; bottom_divider_style=&#8221;arrow2&#8243; bottom_divider_color=&#8221;#f8f7f4&#8243; bottom_divider_height=&#8221;50px&#8221; global_colors_info=&#8221;{}&#8221;][et_pb_row _builder_version=&#8221;4.24.1&#8243; _module_preset=&#8221;default&#8221; custom_padding=&#8221;|0px||0px|false|false&#8221; global_colors_info=&#8221;{}&#8221;][et_pb_column type=&#8221;4_4&#8243; _builder_version=&#8221;4.24.1&#8243; _module_preset=&#8221;default&#8221; global_colors_info=&#8221;{}&#8221;][et_pb_gallery gallery_ids=&#8221;63,62,446,447&#8243; gallery_orderby=&#8221;rand&#8221; show_title_and_caption=&#8221;off&#8221; show_pagination=&#8221;off&#8221; zoom_icon_color=&#8221;#FFFFFF&#8221; hover_overlay_color=&#8221;RGBA(255,255,255,0)&#8221; hover_icon=&#8221;\ue054||divi||400&#8243; _builder_version=&#8221;4.24.1&#8243; _module_preset=&#8221;default&#8221; global_colors_info=&#8221;{}&#8221;][\/et_pb_gallery][\/et_pb_column][\/et_pb_row][et_pb_row _builder_version=&#8221;4.24.1&#8243; _module_preset=&#8221;default&#8221; custom_padding=&#8221;|0px||0px|false|false&#8221; global_colors_info=&#8221;{}&#8221;][et_pb_column type=&#8221;4_4&#8243; _builder_version=&#8221;4.24.1&#8243; _module_preset=&#8221;default&#8221; global_colors_info=&#8221;{}&#8221;][et_pb_text _builder_version=&#8221;4.24.1&#8243; _module_preset=&#8221;default&#8221; text_text_color=&#8221;#FFFFFF&#8221; text_letter_spacing=&#8221;1px&#8221; global_colors_info=&#8221;{}&#8221;]<\/p>\n<p>A rastreabilidade de todos os nossos fios \u00e9 garantida por um sofisticado sistema de codifica\u00e7\u00e3o por c\u00f3digo de barras, que torna muito simples para todos os nossos clientes saber como, quando, onde e quem produziu um artigo, e as causas de um problema.<br \/>Cada problema \u00e9 rastre\u00e1vel atrav\u00e9s da etiqueta aplicada no produto.<\/p>\n<p>Treinamos nossos valiosos funcion\u00e1rios mensalmente. Exigimos alta qualidade e queremos que trabalhem da melhor forma para alcan\u00e7ar a melhor qualidade.<br \/>Programamos cursos de atualiza\u00e7\u00e3o para a utiliza\u00e7\u00e3o dos nossos equipamentos e m\u00e1quinas, sistemas opcionais e novos m\u00e9todos de trabalho. Al\u00e9m disso, durante estas reuni\u00f5es explicamos quais s\u00e3o as solicita\u00e7\u00f5es dos nossos clientes e como atingir essas metas.<\/p>\n<p>[\/et_pb_text][\/et_pb_column][\/et_pb_row][\/et_pb_section][et_pb_section fb_built=&#8221;1&#8243; _builder_version=&#8221;4.24.1&#8243; _module_preset=&#8221;default&#8221; background_color=&#8221;#f8f7f4&#8243; global_colors_info=&#8221;{}&#8221;][et_pb_row _builder_version=&#8221;4.24.1&#8243; _module_preset=&#8221;default&#8221; global_colors_info=&#8221;{}&#8221;][et_pb_column type=&#8221;4_4&#8243; _builder_version=&#8221;4.24.1&#8243; _module_preset=&#8221;default&#8221; global_colors_info=&#8221;{}&#8221;][et_pb_text _builder_version=&#8221;4.24.1&#8243; _module_preset=&#8221;default&#8221; text_letter_spacing=&#8221;1px&#8221; text_orientation=&#8221;center&#8221; global_colors_info=&#8221;{}&#8221;]<\/p>\n<p>MA.RE. Monofilament SpA est\u00e1 certificada desde 2005<\/p>\n<p>[\/et_pb_text][\/et_pb_column][\/et_pb_row][et_pb_row _builder_version=&#8221;4.24.1&#8243; _module_preset=&#8221;default&#8221; global_colors_info=&#8221;{}&#8221;][et_pb_column type=&#8221;4_4&#8243; _builder_version=&#8221;4.24.1&#8243; _module_preset=&#8221;default&#8221; global_colors_info=&#8221;{}&#8221;][et_pb_image src=&#8221;http:\/\/primanota-demo.it\/wp-content\/uploads\/2024\/04\/EN-ISO-90012015.jpg&#8221; title_text=&#8221;EN ISO 90012015&#8243; show_in_lightbox=&#8221;on&#8221; align=&#8221;center&#8221; _builder_version=&#8221;4.24.1&#8243; _module_preset=&#8221;default&#8221; global_colors_info=&#8221;{}&#8221;][\/et_pb_image][\/et_pb_column][\/et_pb_row][\/et_pb_section]<\/p>\n","protected":false},"excerpt":{"rendered":"<p>O esfor\u00e7o constante na melhoria cont\u00ednua da nossa pol\u00edtica de gest\u00e3o da qualidade, fez com que consider\u00e1ssemos a qualidade total o nosso principal objectivo. MA.RE Monofilament SpA desenvolveu um software pr\u00f3prio para o controle de todas as caracter\u00edsticas t\u00e9cnicas\/f\u00edsicas\/qu\u00edmicas dos fios, ao longo de todas as etapas do processo de produ\u00e7\u00e3o. Temperaturas, press\u00e3o, relat\u00f3rios de [&hellip;]<\/p>\n","protected":false},"author":1,"featured_media":0,"parent":0,"menu_order":0,"comment_status":"closed","ping_status":"closed","template":"","meta":{"_et_pb_use_builder":"on","_et_pb_old_content":"","_et_gb_content_width":"","footnotes":""},"class_list":["post-1266","page","type-page","status-publish","hentry"],"_links":{"self":[{"href":"https:\/\/marespa.it\/pt-pt\/wp-json\/wp\/v2\/pages\/1266","targetHints":{"allow":["GET"]}}],"collection":[{"href":"https:\/\/marespa.it\/pt-pt\/wp-json\/wp\/v2\/pages"}],"about":[{"href":"https:\/\/marespa.it\/pt-pt\/wp-json\/wp\/v2\/types\/page"}],"author":[{"embeddable":true,"href":"https:\/\/marespa.it\/pt-pt\/wp-json\/wp\/v2\/users\/1"}],"replies":[{"embeddable":true,"href":"https:\/\/marespa.it\/pt-pt\/wp-json\/wp\/v2\/comments?post=1266"}],"version-history":[{"count":7,"href":"https:\/\/marespa.it\/pt-pt\/wp-json\/wp\/v2\/pages\/1266\/revisions"}],"predecessor-version":[{"id":2217,"href":"https:\/\/marespa.it\/pt-pt\/wp-json\/wp\/v2\/pages\/1266\/revisions\/2217"}],"wp:attachment":[{"href":"https:\/\/marespa.it\/pt-pt\/wp-json\/wp\/v2\/media?parent=1266"}],"curies":[{"name":"wp","href":"https:\/\/api.w.org\/{rel}","templated":true}]}}