{"id":1308,"date":"2024-02-27T21:58:49","date_gmt":"2024-02-27T20:58:49","guid":{"rendered":"https:\/\/primanota-demo.it\/historia\/"},"modified":"2024-07-26T10:43:25","modified_gmt":"2024-07-26T08:43:25","slug":"historia","status":"publish","type":"page","link":"https:\/\/marespa.it\/pt-pt\/historia\/","title":{"rendered":"Hist\u00f3ria"},"content":{"rendered":"<p>[et_pb_section fb_built=&#8221;1&#8243; disabled_on=&#8221;on|off|off&#8221; _builder_version=&#8221;4.24.1&#8243; _module_preset=&#8221;default&#8221; background_enable_image=&#8221;off&#8221; background_video_mp4=&#8221;https:\/\/marespa.it\/wp-content\/uploads\/2024\/04\/banne-hystory-mare.mp4&#8243; max_width_tablet=&#8221;&#8221; max_width_phone=&#8221;&#8221; max_width_last_edited=&#8221;on|tablet&#8221; module_alignment=&#8221;center&#8221; height=&#8221;65vh&#8221; custom_padding=&#8221;||196px|||&#8221; hover_enabled=&#8221;0&#8243; background_last_edited=&#8221;on|desktop&#8221; background_video_width_phone=&#8221;500&#8243; global_colors_info=&#8221;{}&#8221; title_text=&#8221;banne hystory mare&#8221; sticky_enabled=&#8221;0&#8243;][\/et_pb_section][et_pb_section fb_built=&#8221;1&#8243; disabled_on=&#8221;off|on|on&#8221; _builder_version=&#8221;4.24.1&#8243; _module_preset=&#8221;default&#8221; background_color=&#8221;#005AAB&#8221; global_colors_info=&#8221;{}&#8221;][et_pb_row _builder_version=&#8221;4.24.1&#8243; _module_preset=&#8221;default&#8221; global_colors_info=&#8221;{}&#8221;][et_pb_column type=&#8221;4_4&#8243; _builder_version=&#8221;4.24.1&#8243; _module_preset=&#8221;default&#8221; global_colors_info=&#8221;{}&#8221;][et_pb_code disabled_on=&#8221;off|on|on&#8221; _builder_version=&#8221;4.24.1&#8243; _module_preset=&#8221;default&#8221; text_orientation=&#8221;center&#8221; global_colors_info=&#8221;{}&#8221;]<video autoplay=\"autoplay\" loop=\"loop\" muted=\"\" defaultmuted=\"\" playsinline=\"\" oncontextmenu=\"return false;\" preload=\"auto\" id=\"myVideo\"><!-- [et_pb_line_break_holder] --><source src=\"http:\/\/primanota-demo.it\/wp-content\/uploads\/2024\/04\/mare-hystory-mobile1.mp4\" type=\"video\/mp4\"><!-- [et_pb_line_break_holder] -->        <\/source><\/video>[\/et_pb_code][\/et_pb_column][\/et_pb_row][\/et_pb_section][et_pb_section fb_built=&#8221;1&#8243; _builder_version=&#8221;4.24.1&#8243; _module_preset=&#8221;default&#8221; background_image=&#8221;http:\/\/primanota-demo.it\/wp-content\/uploads\/2024\/04\/8.png&#8221; parallax=&#8221;on&#8221; parallax_method=&#8221;off&#8221; filter_opacity=&#8221;90%&#8221; global_colors_info=&#8221;{}&#8221;][et_pb_row _builder_version=&#8221;4.24.1&#8243; _module_preset=&#8221;default&#8221; global_colors_info=&#8221;{}&#8221;][et_pb_column type=&#8221;4_4&#8243; _builder_version=&#8221;4.24.1&#8243; _module_preset=&#8221;default&#8221; global_colors_info=&#8221;{}&#8221;][et_pb_text _builder_version=&#8221;4.24.1&#8243; _module_preset=&#8221;default&#8221; text_font=&#8221;Montserrat|700|||||||&#8221; background_color=&#8221;#f8f7f4&#8243; text_orientation=&#8221;center&#8221; custom_padding=&#8221;20px|20px|20px|20px|true|true&#8221; border_radii=&#8221;on|44px|44px|44px|44px&#8221; global_colors_info=&#8221;{}&#8221;]<\/p>\n<p>H\u00e1 mais de 187 anos MA.RE. spa trabalha em nome da excel\u00eancia e da inova\u00e7\u00e3o para oferecer aos seus clientes um produto inovador e de alto desempenho<\/p>\n<p>[\/et_pb_text][\/et_pb_column][\/et_pb_row][et_pb_row _builder_version=&#8221;4.24.1&#8243; _module_preset=&#8221;default&#8221; global_colors_info=&#8221;{}&#8221;][et_pb_column type=&#8221;4_4&#8243; _builder_version=&#8221;4.24.1&#8243; _module_preset=&#8221;default&#8221; global_colors_info=&#8221;{}&#8221;][dipl_timeline select_timeline_layout=&#8221;dipl_date_tree&#8221; global_timeline_icon_color=&#8221;#005AAB&#8221; timeline_bar_size=&#8221;3px&#8221; timeline_bar_color=&#8221;#D8EBFF&#8221; timeline_bar_fill_color=&#8221;#005AAB&#8221; timeline_bar_shape_color=&#8221;#D8EBFF&#8221; timeline_bar_shape_fill_color=&#8221;#005AAB&#8221; timeline_bar_shape_border_color=&#8221;#D8EBFF&#8221; timeline_bar_shape_border_fill_color=&#8221;#005AAB&#8221; global_timeline_background_enable_image=&#8221;off&#8221; _builder_version=&#8221;4.24.1&#8243; _module_preset=&#8221;default&#8221; global_timeline_header_text_color=&#8221;#005AAB&#8221; global_timeline_text_font=&#8221;Montserrat||||||||&#8221; global_timeline_text_text_color=&#8221;#005AAB&#8221; global_timeline_date_text_color=&#8221;#FFFFFF&#8221; animation_style=&#8221;fade&#8221; border_radii=&#8221;on|26px|26px|26px|26px&#8221; global_colors_info=&#8221;{}&#8221;][dipl_timeline_item display_time=&#8221;on&#8221; timeline_custom_time=&#8221;1837&#8243; use_timeline_icon=&#8221;on&#8221; select_timeline_icon=&#8221;\uf275||fa||900&#8243; _builder_version=&#8221;4.24.1&#8243; _module_preset=&#8221;default&#8221; global_timeline_header_font=&#8221;Montserrat|700||on|||||&#8221; global_timeline_header_text_color=&#8221;#005AAB&#8221; global_colors_info=&#8221;{}&#8221;]<\/p>\n<h2>A FUNDA\u00c7\u00c3O<\/h2>\n<p>\u00c9 o nosso ano hist\u00f3rico, quando tudo come\u00e7ou.<br \/>Os dois irm\u00e3os Virgilio, Evangelista e a sua irm\u00e3 Chiara fundaram a empresa &#8220;Ziliani Virgilio e Irm\u00e3os&#8221; como uma f\u00e1brica de redes de pesca.<\/p>\n<p>[\/dipl_timeline_item][dipl_timeline_item display_time=&#8221;on&#8221; timeline_custom_time=&#8221;1892&#8243; use_timeline_icon=&#8221;on&#8221; select_timeline_icon=&#8221;\ue08a||divi||400&#8243; _builder_version=&#8221;4.24.1&#8243; _module_preset=&#8221;default&#8221; global_timeline_header_font=&#8221;Montserrat|700||on|||||&#8221; global_timeline_header_text_color=&#8221;#005AAB&#8221; global_colors_info=&#8221;{}&#8221;]<\/p>\n<p><span>  Com a morte de Evangelista Ziliani, a empresa foi assumida pelo seu filho Gian Battista.<\/span><\/p>\n<p>[\/dipl_timeline_item][dipl_timeline_item display_time=&#8221;on&#8221; timeline_custom_time=&#8221;1927&#8243; use_timeline_icon=&#8221;on&#8221; select_timeline_icon=&#8221;\uf0c0||fa||900&#8243; _builder_version=&#8221;4.24.1&#8243; _module_preset=&#8221;default&#8221; global_timeline_header_font=&#8221;Montserrat|700||on|||||&#8221; global_timeline_header_text_color=&#8221;#005AAB&#8221; global_colors_info=&#8221;{}&#8221;]<\/p>\n<h2>DO ARTESANATO \u00c0 ACTIVIDADE INDUSTRIAL<\/h2>\n<p>Este \u00e9 um ano importante para a nossa empresa. Os filhos de Gian Battista, Italo e Mario, iniciaram a constru\u00e7\u00e3o de uma nova f\u00e1brica em Sulzano (Brescia) com o nome de: &#8220;Retificio Evangelista Ziliani&#8221;.<\/p>\n<p>[\/dipl_timeline_item][dipl_timeline_item display_time=&#8221;on&#8221; timeline_custom_time=&#8221;1948&#8243; use_timeline_icon=&#8221;on&#8221; select_timeline_icon=&#8221;\ue068||fa||900&#8243; _builder_version=&#8221;4.24.1&#8243; _module_preset=&#8221;default&#8221; global_timeline_header_font=&#8221;Montserrat|700||on|||||&#8221; global_timeline_header_text_color=&#8221;#005AAB&#8221; global_colors_info=&#8221;{}&#8221;]<\/p>\n<p>Ziliani Mario retirou-se da empresa e foi substitu\u00eddo por Italo Ziliani e sua esposa Maria Maddalena Cavalieri.<\/p>\n<p>[\/dipl_timeline_item][dipl_timeline_item display_time=&#8221;on&#8221; timeline_custom_time=&#8221;1960&#8243; _builder_version=&#8221;4.24.1&#8243; _module_preset=&#8221;default&#8221; global_timeline_header_font=&#8221;Montserrat|700||on|||||&#8221; global_timeline_header_text_color=&#8221;#005AAB&#8221; global_colors_info=&#8221;{}&#8221;]<\/p>\n<h2>FORAM INTRODUZIDAS AS PRIMEIRAS M\u00c1QUINAS DE TORCER<\/h2>\n<p>O processo de fabrico das redes de pesca, anteriormente feito com fio de algod\u00e3o, passou a ser feito com Poliamida Multifilamento.<\/p>\n<p>[\/dipl_timeline_item][dipl_timeline_item display_time=&#8221;on&#8221; timeline_custom_time=&#8221;1961&#8243; use_timeline_icon=&#8221;on&#8221; select_timeline_icon=&#8221;\uf4fc||fa||900&#8243; _builder_version=&#8221;4.24.1&#8243; _module_preset=&#8221;default&#8221; global_timeline_header_font=&#8221;Montserrat|700||on|||||&#8221; global_timeline_header_text_color=&#8221;#005AAB&#8221; global_colors_info=&#8221;{}&#8221;]<\/p>\n<p>Evangelista Ziliani entra na empresa, juntamente com o seu pai Italo e a sua m\u00e3e Maria Maddalena Cavalieri.<\/p>\n<p>[\/dipl_timeline_item][dipl_timeline_item display_time=&#8221;on&#8221; timeline_custom_time=&#8221;1966&#8243; use_timeline_icon=&#8221;on&#8221; select_timeline_icon=&#8221;\uf275||fa||900&#8243; _builder_version=&#8221;4.24.1&#8243; _module_preset=&#8221;default&#8221; global_timeline_header_font=&#8221;Montserrat|700||on|||||&#8221; global_timeline_header_text_color=&#8221;#005AAB&#8221; global_colors_info=&#8221;{}&#8221;]<\/p>\n<p>\u00c9 constru\u00eddo um novo edif\u00edcio perto do antigo &#8220;Retificio Ziliani&#8221; e o nome da empresa passa a ser<br \/>MA.RE.CO (MA=Manifattura como fabrico; RE=Reti como redes; CO=Corde como cordas)<\/p>\n<p>[\/dipl_timeline_item][dipl_timeline_item display_time=&#8221;on&#8221; timeline_custom_time=&#8221;1971&#8243; use_timeline_icon=&#8221;on&#8221; select_timeline_icon=&#8221;\uf4fc||fa||900&#8243; _builder_version=&#8221;4.24.1&#8243; _module_preset=&#8221;default&#8221; global_timeline_header_font=&#8221;Montserrat|700||on|||||&#8221; global_timeline_header_text_color=&#8221;#005AAB&#8221; global_colors_info=&#8221;{}&#8221;]<\/p>\n<p>Gian Battista Ziliani entrou na empresa juntamente com o seu irm\u00e3o Evangelista e a sua m\u00e3e Maria Maddalena Cavalieri.<\/p>\n<p>[\/dipl_timeline_item][dipl_timeline_item display_time=&#8221;on&#8221; timeline_custom_time=&#8221;1975&#8243; use_timeline_icon=&#8221;on&#8221; select_timeline_icon=&#8221;\uf835||fa||400&#8243; _builder_version=&#8221;4.24.1&#8243; _module_preset=&#8221;default&#8221; global_timeline_header_font=&#8221;Montserrat|700||on|||||&#8221; global_timeline_header_text_color=&#8221;#005AAB&#8221; global_colors_info=&#8221;{}&#8221;]<\/p>\n<p>As empresas &#8220;Retificio Ziliani&#8221; e MA.RE.CO mudam-se para uma outra aldeia, de Sulzano para Iseo, para uma nova f\u00e1brica, numa \u00e1rea 20 vezes maior<br \/>O nome da empresa muda para MA.RE. (Manifattura como fabrico; RE=Reti como redes)<\/p>\n<p>[\/dipl_timeline_item][dipl_timeline_item display_time=&#8221;on&#8221; timeline_custom_time=&#8221;1977&#8243; _builder_version=&#8221;4.24.1&#8243; _module_preset=&#8221;default&#8221; global_timeline_header_font=&#8221;Montserrat|700||on|||||&#8221; global_timeline_header_text_color=&#8221;#005AAB&#8221; global_colors_info=&#8221;{}&#8221;]<\/p>\n<h2>MULTIFILAMENTO DE POLI\u00c9STER<\/h2>\n<p>Novo produto: Multifilamento de poli\u00e9ster para fios de costura<\/p>\n<p>[\/dipl_timeline_item][dipl_timeline_item display_time=&#8221;on&#8221; timeline_custom_time=&#8221;1985&#8243; _builder_version=&#8221;4.24.1&#8243; _module_preset=&#8221;default&#8221; global_timeline_header_font=&#8221;Montserrat|700||on|||||&#8221; global_timeline_header_text_color=&#8221;#005AAB&#8221; global_colors_info=&#8221;{}&#8221;]<\/p>\n<h2>N\u00c3O FORAM FEITAS MAIS CORDAS<\/h2>\n<p>[\/dipl_timeline_item][dipl_timeline_item display_time=&#8221;on&#8221; timeline_custom_time=&#8221;1990&#8243; _builder_version=&#8221;4.24.1&#8243; _module_preset=&#8221;default&#8221; global_timeline_header_font=&#8221;Montserrat|700||on|||||&#8221; global_timeline_header_text_color=&#8221;#005AAB&#8221; global_colors_info=&#8221;{}&#8221;]<\/p>\n<h2>FOI INSTALADA A PRIMEIRA M\u00c1QUINA DE EXTRUS\u00c3O<\/h2>\n<p>Come\u00e7\u00e1mos a produzir monofilamentos de poliamida e poli\u00e9ster para v\u00e1rias aplica\u00e7\u00f5es industriais.<\/p>\n<p>[\/dipl_timeline_item][dipl_timeline_item display_time=&#8221;on&#8221; timeline_custom_time=&#8221;1992&#8243; _builder_version=&#8221;4.24.1&#8243; _module_preset=&#8221;default&#8221; global_timeline_header_font=&#8221;Montserrat|700||on|||||&#8221; global_timeline_header_text_color=&#8221;#005AAB&#8221; global_colors_info=&#8221;{}&#8221;]<\/p>\n<h3>MA.RE. entrou no mundo do PMC (Paper Machine Clothing)<\/h3>\n<p>Este \u00e9 o terceiro passo importante das nossas mudan\u00e7as, com a produ\u00e7\u00e3o de Monofilamentos para feltros para f\u00e1bricas de papel.<\/p>\n<p>[\/dipl_timeline_item][dipl_timeline_item display_time=&#8221;on&#8221; timeline_custom_time=&#8221;2001&#8243; _builder_version=&#8221;4.24.1&#8243; _module_preset=&#8221;default&#8221; global_timeline_header_font=&#8221;Montserrat|700||on|||||&#8221; global_timeline_header_text_color=&#8221;#005AAB&#8221; global_colors_info=&#8221;{}&#8221;]<\/p>\n<h2>POLIAMIDA TORCIDA<\/h2>\n<p>Monofilamento torcido de poliamida adicionado \u00e0 nossa gama de produtos.<\/p>\n<p>Italo ZILIANI, filho de Evangelista, come\u00e7a a trabalhar com o pai no Departamento Comercial.<br \/>Desenvolvemos novos produtos para:<br \/>&#8211; Autom\u00f3vel &#8211; Feltros para curtumes &#8211; Fibrocimento &#8211; Correias de transporte.<\/p>\n<p>[\/dipl_timeline_item][dipl_timeline_item display_time=&#8221;on&#8221; timeline_custom_time=&#8221;2005&#8243; use_timeline_icon=&#8221;on&#8221; select_timeline_icon=&#8221;\uf0b0||fa||900&#8243; _builder_version=&#8221;4.24.1&#8243; _module_preset=&#8221;default&#8221; global_timeline_header_font=&#8221;Montserrat|700||on|||||&#8221; global_timeline_header_text_color=&#8221;#005AAB&#8221; global_colors_info=&#8221;{}&#8221;]<\/p>\n<p>Mario ZILIANI, filho de Gian Battista, come\u00e7a a trabalhar com o seu pai no Departamento T\u00e9cnico.<br \/>Desenvolvemos novos produtos para: Filtra\u00e7\u00e3o e outras aplica\u00e7\u00f5es especiais.<\/p>\n<p>[\/dipl_timeline_item][dipl_timeline_item display_time=&#8221;on&#8221; timeline_custom_time=&#8221;2009&#8243; _builder_version=&#8221;4.24.1&#8243; _module_preset=&#8221;default&#8221; global_timeline_header_font=&#8221;Montserrat|700||on|||||&#8221; global_timeline_header_text_color=&#8221;#005AAB&#8221; global_colors_info=&#8221;{}&#8221;]<\/p>\n<h2>MA.RE. tinha #6 LINHAS DE EXTRUS\u00c3O<\/h2>\n<p>Continu\u00e1mos a investir em novos projectos e em equipamento de laborat\u00f3rio. O n\u00famero de trabalhadores foi aumentado nos departamentos de produ\u00e7\u00e3o, t\u00e9cnico e de I&amp;D.<\/p>\n<p>[\/dipl_timeline_item][dipl_timeline_item display_time=&#8221;on&#8221; timeline_custom_time=&#8221;2010&#8243; _builder_version=&#8221;4.24.1&#8243; _module_preset=&#8221;default&#8221; global_timeline_header_font=&#8221;Montserrat|700||on|||||&#8221; global_timeline_header_text_color=&#8221;#005AAB&#8221; global_colors_info=&#8221;{}&#8221;]<\/p>\n<h3>A nossa PRODU\u00c7\u00c3O DE TOR\u00c7\u00c3O DE MONOFILAMENTOS foi AUMENTADA<\/h3>\n<p>Foi levada a cabo uma campanha de renova\u00e7\u00e3o de todas as m\u00e1quinas de torcer, tendo sido utilizados novos motores com inversores de baixo consumo de energia, para trabalhar com maior capacidade de modo a satisfazer os pedidos crescentes de mono torcido por prensagem PMC em teia e trama.<\/p>\n<p>[\/dipl_timeline_item][dipl_timeline_item display_time=&#8221;on&#8221; timeline_custom_time=&#8221;2017&#8243; use_timeline_icon=&#8221;on&#8221; select_timeline_icon=&#8221;\uf494||fa||900&#8243; _builder_version=&#8221;4.24.1&#8243; _module_preset=&#8221;default&#8221; global_timeline_header_font=&#8221;Montserrat|700||on|||||&#8221; global_timeline_header_text_color=&#8221;#005AAB&#8221; global_colors_info=&#8221;{}&#8221;]<\/p>\n<p>Linha de extrus\u00e3o n\u00ba 10 e amplia\u00e7\u00e3o do armaz\u00e9m de mat\u00e9rias-primas<\/p>\n<p>[\/dipl_timeline_item][dipl_timeline_item display_time=&#8221;on&#8221; timeline_custom_time=&#8221;2018&#8243; use_timeline_icon=&#8221;on&#8221; select_timeline_icon=&#8221;\uf0b0||fa||900&#8243; _builder_version=&#8221;4.24.1&#8243; _module_preset=&#8221;default&#8221; global_timeline_header_font=&#8221;Montserrat|700||on|||||&#8221; global_timeline_header_text_color=&#8221;#005AAB&#8221; global_colors_info=&#8221;{}&#8221;]<\/p>\n<p>Linha de extrus\u00e3o #11 e maior crescimento no sector da filtra\u00e7\u00e3o<\/p>\n<p>[\/dipl_timeline_item][dipl_timeline_item display_time=&#8221;on&#8221; timeline_custom_time=&#8221;2020&#8243; use_timeline_icon=&#8221;on&#8221; select_timeline_icon=&#8221;\uf275||fa||900&#8243; _builder_version=&#8221;4.24.1&#8243; _module_preset=&#8221;default&#8221; global_timeline_header_font=&#8221;Montserrat|700||on|||||&#8221; global_timeline_header_text_color=&#8221;#005AAB&#8221; global_colors_info=&#8221;{}&#8221;]<\/p>\n<p>Linha de extrus\u00e3o n.\u00ba 12 e alargamento do dep\u00f3sito de embalagens<\/p>\n<p>[\/dipl_timeline_item][dipl_timeline_item display_time=&#8221;on&#8221; timeline_custom_time=&#8221;2021-2022&#8243; _builder_version=&#8221;4.24.1&#8243; _module_preset=&#8221;default&#8221; global_timeline_header_font=&#8221;Montserrat|700||on|||||&#8221; global_timeline_header_text_color=&#8221;#005AAB&#8221; global_colors_info=&#8221;{}&#8221;]<\/p>\n<h2>REGISTOS NAS QUANTIDADES DE PRODU\u00c7\u00c3O<\/h2>\n<p>Estes anos ser\u00e3o sempre recordados pela pandemia mundial de COVID-19 e, no entanto, pela MA.RE. Trabalhando a plena capacidade e em contra-tend\u00eancia em rela\u00e7\u00e3o aos nossos outros concorrentes, conseguimos entregar a tempo todas as encomendas dos nossos clientes.<br \/>Esta foi a chave para crescer na IMPRENSA PMC e passar para os FELTROS SECADORES.<br \/>Come\u00e7ou uma nova coopera\u00e7\u00e3o no sector dos TECIDOS DE FORMA\u00c7\u00c3O PMC, com alguns importantes intervenientes neste mercado.<\/p>\n<p>[\/dipl_timeline_item][dipl_timeline_item display_time=&#8221;on&#8221; timeline_custom_time=&#8221;2024&#8243; use_timeline_icon=&#8221;on&#8221; select_timeline_icon=&#8221;\uf64f||fa||900&#8243; _builder_version=&#8221;4.24.1&#8243; _module_preset=&#8221;default&#8221; global_timeline_header_font=&#8221;Montserrat|700||on|||||&#8221; global_timeline_header_text_color=&#8221;#005AAB&#8221; global_colors_info=&#8221;{}&#8221;]<\/p>\n<p>&#8211; Novo Edif\u00edcio para Armazenamento de Pol\u00edmeros<br \/>&#8211; Novo Centro Log\u00edstico para Entrada de Materiais<br \/>&#8211; Aumento da Prensa e Secador de Pmc e Monofilamentos de Conforma\u00e7\u00e3o Vendidos a Todos os Principais <br \/>Players do Mercado<br \/>&#8211; Monofilamentos de Filtra\u00e7\u00e3o: Um Mercado Dif\u00edcil Mas A Nossa I&amp;D Conseguiu Desenvolver Fios Super<br \/>Finos<br \/>&#8211; Monofilamentos Autom\u00f3vel: Principalmente para os Carros El\u00e9ctricos e Comboios El\u00e9ctricos<br \/>&#8211; \u00aeStandard Pa 6 &#8211; Pa 6.6 e Pet Mono Produzidos at\u00e9 100% de Pol\u00edmero Reciclado<\/p>\n<p>[\/dipl_timeline_item][dipl_timeline_item display_time=&#8221;on&#8221; timeline_custom_time=&#8221;2025-2028&#8243; use_timeline_icon=&#8221;on&#8221; select_timeline_icon=&#8221;\uf1b8||fa||900&#8243; _builder_version=&#8221;4.24.1&#8243; _module_preset=&#8221;default&#8221; global_timeline_header_font=&#8221;Montserrat|700||on|||||&#8221; global_timeline_header_text_color=&#8221;#005AAB&#8221; global_colors_info=&#8221;{}&#8221;]<\/p>\n<h2>OLHAR PARA O FUTURO<\/h2>\n<p>&#8211; Redu\u00e7\u00e3o das emiss\u00f5es de CO2 e an\u00e1lise do CARBON FOOT PRINT<br \/>&#8211; \u00aeReciclar os nossos produtos: reciclar os nossos monofilamentos para produzir novos.<br \/>&#8211; \u00aeReciclagem de produtos os nossos clientes: reciclagem de feltros e tecidos para fabricar novos mono<br \/>&#8211; \u00aeReciclagem de MONOFILAMENTOS: o nosso principal objetivo \u00e9 o crescimento de PA 6 &#8211; PA 6.6 e PET<br \/>mono reciclado para PA 6.10 &#8211; PA 12 e PET mono reciclado resistente \u00e0 hidr\u00f3lise<br \/>&#8211; Instala\u00e7\u00e3o de pain\u00e9is solares<br \/>&#8211; Redu\u00e7\u00e3o do consumo de \u00e1gua no processo<br \/>&#8211; descarboniza\u00e7\u00e3o dos nossos meios de transporte (empilhadores, ve\u00edculos comerciais, cami\u00f5es de distribui\u00e7\u00e3o&#8230;)<br \/>&#8211; DESENVOLVIMENTO do MONO ligado ao AUTOM\u00d3VEL 100% EL\u00c9CTRICO<br \/>&#8211; CONTINUAR a fazer crescer as nossas LINHAS DE PRODU\u00c7\u00c3O, privilegiando a FLEXIBILIDADE, as ENTREGAS A TEMPO e os SERVI\u00c7OS P\u00d3S-VENDA<\/p>\n<p>[\/dipl_timeline_item][\/dipl_timeline][\/et_pb_column][\/et_pb_row][\/et_pb_section]<\/p>\n","protected":false},"excerpt":{"rendered":"<p>H\u00e1 mais de 187 anos MA.RE. spa trabalha em nome da excel\u00eancia e da inova\u00e7\u00e3o para oferecer aos seus clientes um produto inovador e de alto desempenho<div class=\"et_pb_module dipl_timeline dipl_timeline_0 et_animated\">\n\t\t\t\t\n\t\t\t\t\n\t\t\t\t\n\t\t\t\t\n\t\t\t\t\n\t\t\t\t\n\t\t\t\t<div class=\"et_pb_module_inner\">\n\t\t\t\t\t<div class=\"dipl_timeline_alternate\"><div class=\"dipl_timeline_wrapper\">\n                            \n                        <\/div><div class=\"dipl_timeline_alternate_stem dipl_date_tree_stem\"><div class=\"dipl_stem_wrapper\"><div class=\"dipl_stem\"><\/div><\/div><\/div><\/div>\n\t\t\t\t<\/div>\n\t\t\t<\/div><div class=\"et_pb_module dipl_timeline_item dipl_timeline_item_0\">\n\t\t\t\t<div class=\"dipl_date_tree dipl_timeline_item_wrapper\">       \n                                <div class=\"dipl_stem_center\"><div class=\"dipl_time_wrapper\"><div class=\"dipl_item_time\">1837<\/div><\/div><\/div>\n                                <div class=\"dipl_item_content\">\n                                \t<div class=\"dipl_item_content_inner\">\n\t                                    <div class=\"dipl_icon_wrapper\"><span class=\"dipl_item_icon et-pb-icon\">\uf275<\/span><\/div>\n\t                                    <h3 class=\"dipl_item_title\"><\/h3>\n\t                                    \n\t                                    <span class=\"dipl_triangle\"><\/span>\n\t                                <\/div>\n                                <\/div>\n                                <div class=\"dipl_date_container\"><\/div>\n                            <\/div>\n\t\t\t<\/div>A [&hellip;]<\/p>\n","protected":false},"author":1,"featured_media":0,"parent":0,"menu_order":0,"comment_status":"closed","ping_status":"closed","template":"","meta":{"_et_pb_use_builder":"on","_et_pb_old_content":"","_et_gb_content_width":"","footnotes":""},"class_list":["post-1308","page","type-page","status-publish","hentry"],"_links":{"self":[{"href":"https:\/\/marespa.it\/pt-pt\/wp-json\/wp\/v2\/pages\/1308","targetHints":{"allow":["GET"]}}],"collection":[{"href":"https:\/\/marespa.it\/pt-pt\/wp-json\/wp\/v2\/pages"}],"about":[{"href":"https:\/\/marespa.it\/pt-pt\/wp-json\/wp\/v2\/types\/page"}],"author":[{"embeddable":true,"href":"https:\/\/marespa.it\/pt-pt\/wp-json\/wp\/v2\/users\/1"}],"replies":[{"embeddable":true,"href":"https:\/\/marespa.it\/pt-pt\/wp-json\/wp\/v2\/comments?post=1308"}],"version-history":[{"count":22,"href":"https:\/\/marespa.it\/pt-pt\/wp-json\/wp\/v2\/pages\/1308\/revisions"}],"predecessor-version":[{"id":2191,"href":"https:\/\/marespa.it\/pt-pt\/wp-json\/wp\/v2\/pages\/1308\/revisions\/2191"}],"wp:attachment":[{"href":"https:\/\/marespa.it\/pt-pt\/wp-json\/wp\/v2\/media?parent=1308"}],"curies":[{"name":"wp","href":"https:\/\/api.w.org\/{rel}","templated":true}]}}